{"id":12,"date":"2021-10-05T08:02:12","date_gmt":"2021-10-05T11:02:12","guid":{"rendered":"http:\/\/sied.local\/?page_id=12"},"modified":"2022-11-09T09:05:41","modified_gmt":"2022-11-09T12:05:41","slug":"gestion","status":"publish","type":"page","link":"https:\/\/virtual.unne.edu.ar\/SIED-UV\/sied\/funcionamiento\/gestion\/","title":{"rendered":"Gesti\u00f3n acad\u00e9mica"},"content":{"rendered":"\n<div class=\"wp-block-sied-items itemNumerado\"><div class=\"row\"><div class=\"col-1\"><div class=\"itemNumero\"><\/div><\/div><div class=\"col-11\"><h2> Articulaci\u00f3n  <\/h2><p>El equipo se vincula en forma permanente con la<strong> Direcci\u00f3n TIC<\/strong> dependiente de la Secretar\u00eda General de Planeamiento para atender cuestiones tales como: conectividad, gesti\u00f3n de videoconferencias a trav\u00e9s de la RIU, mantenimiento de servidores, actualizaci\u00f3n de versiones de Moodle, entre otras acciones.<br>Adem\u00e1s, se articulan acciones con otras \u00e1reas del Rectorado, en especial la Coordinaci\u00f3n de Comunicaci\u00f3n Institucional, con la cual gestiona lo relacionado a la difusi\u00f3n de actividades y ofertas educativas a trav\u00e9s de medios propios (bolet\u00edn institucional, Radio UNNE, sitio web, redes sociales). <\/p><\/div><\/div><\/div>\n\n\n\n<div class=\"wp-block-sied-items itemNumerado\"><div class=\"row\"><div class=\"col-1\"><div class=\"itemNumero\"><\/div><\/div><div class=\"col-11\"><h2>Gesti\u00f3n de la Informaci\u00f3n  <\/h2><p>Un aspecto importante de la implementaci\u00f3n del proyecto institucional es la <strong>gesti\u00f3n de la informaci\u00f3n orientada a la gesti\u00f3n del conocimiento<\/strong>. Aunque ello no garantiza por s\u00ed mismo la conformaci\u00f3n de una organizaci\u00f3n inteligente, sin embargo, son herramientas necesarias para una eficaz y eficiente gesti\u00f3n del conocimiento organizacional que debe ir en concordancia con la direcci\u00f3n, la visi\u00f3n y la cultura<br>institucional.<br>En este sentido, <a rel=\"noreferrer noopener\" href=\"https:\/\/virtual.unne.edu.ar\/2017\/sistema_uv\/registro.php\" data-type=\"URL\" data-id=\"https:\/\/virtual.unne.edu.ar\/2017\/sistema_uv\/registro.php\" target=\"_blank\"><strong>se pretende contar con informaci\u00f3n actualizada en las bases de datos<\/strong>,<\/a> no s\u00f3lo para la Unidad Central sino para las UA. <br>Con ellos se busca apuntar al desarrollo de una organizaci\u00f3n dotada de un sistema de informaci\u00f3n al servicio de todos los actores y de una cultura de la informaci\u00f3n que asegure la capacidad colectiva para la toma de decisiones y facilite la adecuaci\u00f3n a los cambios.<br><\/p><\/div><\/div><\/div>\n\n\n\n<div style=\"height:55px\" aria-hidden=\"true\" class=\"wp-block-spacer\"><\/div>\n\n\n\n<p>A nivel central, se establecen l\u00edneas de trabajo en relaci\u00f3n a la propuesta de la Secretar\u00eda General Acad\u00e9mica <\/p>\n\n\n\n<p> <\/p>\n\n\n\n<div class=\"wp-block-sied-items itemNumerado\"><div class=\"row\"><div class=\"col-1\"><div class=\"itemNumero\"><\/div><\/div><div class=\"col-11\"><h2>Lineamientos para la <strong>producci\u00f3n de materiales<\/strong> para la opci\u00f3n a distancia <\/h2><p>Los materiales did\u00e1cticos y educativos se dise\u00f1ar\u00e1n <strong>considerando los fundamentos del modelo pedag\u00f3gico<\/strong> que se sostiene en este Sistema Institucional de EaD, apuntando al desarrollo del<strong> aprendizaje aut\u00f3nomo y colaborativo, <\/strong>sustentado en los principios del aprendizaje socioconstructivista.<br><br>Para el dise\u00f1o de las actividades de ense\u00f1anza y, desde una visi\u00f3n situada, se abogar\u00e1 por una ense\u00f1anza centrada en pr\u00e1cticas educativas aut\u00e9nticas para el estudiante, las cuales requieren ser coherentes, significativas y propositivas que<br>conjuguen: el sujeto que aprende, los instrumentos, saberes y contenidos, la comunidad de referencia, las normas que regulan las relaciones sociales y la divisi\u00f3n de tareas en el marco de las actividades.<br>Por lo tanto, se alentar\u00e1 el trabajo en ambientes educativos enriquecidos que promuevan la autonom\u00eda en el proceso de aprendizaje de los estudiantes y la interacci\u00f3n vertical y horizontal permanentes.<br><br>En este sentido, <strong>el Programa UNNE Virtual aportar\u00e1 asesoramiento y capacitaci\u00f3n a los docentes <\/strong>con el fin de alentar y promover la autonom\u00eda en el dise\u00f1o de materiales did\u00e1cticos en diferentes formatos y soportes (texto plano, audiovisual, hipertextual, multimedial, hipermedial) orientado a la gesti\u00f3n de las propuestas educativas mediadas por tecnolog\u00edas.<\/p><\/div><\/div><\/div>\n\n\n\n<div class=\"wp-block-sied-items itemNumerado\"><div class=\"row\"><div class=\"col-1\"><div class=\"itemNumero\"><\/div><\/div><div class=\"col-11\"><h2> Lineamientos para la <strong>el desarrollo de EVEA institucionales <\/strong> <\/h2><p><br>UNNE Virtual gestiona una Entorno Institucional de ense\u00f1anza y aprendizaje, disponible para todas la Unidades acad\u00e9micas, institutos y dependencia de la UNNE, pero en virtud de una mejor gesti\u00f3n institucional, <strong>cada Facultad puede auto gestionar su propia plataforma<\/strong>.<br><br>Es necesario establecer lineamientos y par\u00e1metros que regulen el procedimiento general para el desarrollo, administraci\u00f3n y uso del Campus Virtual, a trav\u00e9s del cual se canalicen las diferentes ofertas educativas a distancia de la Universidad, a fin de garantizar \u00f1as condiciones b\u00e1sicas de consistencia, fiabilidad y uniformidad, y asimismo establecer las responsabilidades que le caben a los diferentes actores al momento de utilizar las plataformas.<br><br>Por ello, se desarrollaron los \u201cprocedimientos generales para el desarrollo, administraci\u00f3n y uso del campus virtual\u201d, aprobados por Res 0315\/19CS<\/p><\/div><\/div><\/div>\n\n\n\n<div class=\"wp-block-sied-items itemNumerado\"><div class=\"row\"><div class=\"col-1\"><div class=\"itemNumero\"><\/div><\/div><div class=\"col-11\"><h2> Lineamientos para la <strong>conformaci\u00f3n de \u00e1reas o departamentos de EaD<\/strong> <br><\/h2><p><\/p><\/div><\/div><\/div>\n\n\n\n<p class=\"has-text-color\" style=\"color:#97172f\"> <br><strong><em>Vale mencionar que los procesos administrativos y la normativa son revisados y actualizados en funci\u00f3n de su adecuaci\u00f3n a las pol\u00edticas institucionales, las necesidades de los usuarios y el avance de la tecnolog\u00eda <\/em><\/strong> <\/p>\n","protected":false},"excerpt":{"rendered":"<p>A nivel central, se establecen l\u00edneas de trabajo en relaci\u00f3n a la propuesta de la Secretar\u00eda General Acad\u00e9mica Vale mencionar que los procesos administrativos y la normativa son revisados y actualizados en funci\u00f3n de su adecuaci\u00f3n a las pol\u00edticas institucionales, las necesidades de los usuarios y el avance de la tecnolog\u00eda<\/p>\n","protected":false},"author":1,"featured_media":0,"parent":44,"menu_order":0,"comment_status":"closed","ping_status":"closed","template":"","meta":{"footnotes":""},"acf":[],"_links":{"self":[{"href":"https:\/\/virtual.unne.edu.ar\/SIED-UV\/wp-json\/wp\/v2\/pages\/12"}],"collection":[{"href":"https:\/\/virtual.unne.edu.ar\/SIED-UV\/wp-json\/wp\/v2\/pages"}],"about":[{"href":"https:\/\/virtual.unne.edu.ar\/SIED-UV\/wp-json\/wp\/v2\/types\/page"}],"author":[{"embeddable":true,"href":"https:\/\/virtual.unne.edu.ar\/SIED-UV\/wp-json\/wp\/v2\/users\/1"}],"replies":[{"embeddable":true,"href":"https:\/\/virtual.unne.edu.ar\/SIED-UV\/wp-json\/wp\/v2\/comments?post=12"}],"version-history":[{"count":21,"href":"https:\/\/virtual.unne.edu.ar\/SIED-UV\/wp-json\/wp\/v2\/pages\/12\/revisions"}],"predecessor-version":[{"id":913,"href":"https:\/\/virtual.unne.edu.ar\/SIED-UV\/wp-json\/wp\/v2\/pages\/12\/revisions\/913"}],"up":[{"embeddable":true,"href":"https:\/\/virtual.unne.edu.ar\/SIED-UV\/wp-json\/wp\/v2\/pages\/44"}],"wp:attachment":[{"href":"https:\/\/virtual.unne.edu.ar\/SIED-UV\/wp-json\/wp\/v2\/media?parent=12"}],"curies":[{"name":"wp","href":"https:\/\/api.w.org\/{rel}","templated":true}]}}