{"id":14,"date":"2021-10-05T08:02:41","date_gmt":"2021-10-05T11:02:41","guid":{"rendered":"http:\/\/sied.local\/?page_id=14"},"modified":"2022-11-09T09:06:39","modified_gmt":"2022-11-09T12:06:39","slug":"estructura","status":"publish","type":"page","link":"https:\/\/virtual.unne.edu.ar\/SIED-UV\/sied\/funcionamiento\/estructura\/","title":{"rendered":"Estructura"},"content":{"rendered":"\n<p>La UNNE se plantea como desaf\u00edo fortalecer su estructura, tanto a nivel central con nuevos perfiles, como a nivel de Unidades Acad\u00e9micas&nbsp;<strong>en funci\u00f3n del desarrollo y la complejidad de las demandas<\/strong>.<\/p>\n\n\n\n<p>Se constituyen equipos interdisciplinarios integrados por profesionales capacitados del \u00e1rea de educaci\u00f3n, comunicaci\u00f3n, inform\u00e1tica y disciplinares para el desarrollo de los programas de educaci\u00f3n a distancia, con el rol de\u00a0<strong>articulador y de facilitador<\/strong>\u00a0de los objetivos planteados.<\/p>\n\n\n\n<p>La estructura de gesti\u00f3n de la UNNE orientada al desarrollo del Sistema Institucional de Educaci\u00f3n a Distancia (SIED UNNE) se organiza en<strong> tres dimensiones:<\/strong><\/p>\n\n\n\n<div style=\"height:38px\" aria-hidden=\"true\" class=\"wp-block-spacer\"><\/div>\n\n\n\n<div class=\"wp-block-sied-imagen-ampliable imagen-ampliable\"><a href=\"https:\/\/virtual.unne.edu.ar\/SIED-UV\/wp-content\/uploads\/2022\/11\/cuadros-04.png\" data-lightbox=\"ampliar\"><img decoding=\"async\" src=\"https:\/\/virtual.unne.edu.ar\/SIED-UV\/wp-content\/uploads\/2022\/11\/cuadros-04.png\" class=\"image-fluid w-100\"\/><\/a><p><\/p><\/div>\n\n\n\n<div style=\"height:38px\" aria-hidden=\"true\" class=\"wp-block-spacer\"><\/div>\n\n\n\n<p><\/p>\n","protected":false},"excerpt":{"rendered":"<p>La UNNE se plantea como desaf\u00edo fortalecer su estructura, tanto a nivel central con nuevos perfiles, como a nivel de Unidades Acad\u00e9micas&nbsp;en funci\u00f3n del desarrollo y la complejidad de las demandas. Se constituyen equipos interdisciplinarios integrados por profesionales capacitados del \u00e1rea de educaci\u00f3n, comunicaci\u00f3n, inform\u00e1tica y disciplinares para el desarrollo de los programas de educaci\u00f3n [&hellip;]<\/p>\n","protected":false},"author":1,"featured_media":0,"parent":44,"menu_order":0,"comment_status":"closed","ping_status":"closed","template":"","meta":{"footnotes":""},"acf":[],"_links":{"self":[{"href":"https:\/\/virtual.unne.edu.ar\/SIED-UV\/wp-json\/wp\/v2\/pages\/14"}],"collection":[{"href":"https:\/\/virtual.unne.edu.ar\/SIED-UV\/wp-json\/wp\/v2\/pages"}],"about":[{"href":"https:\/\/virtual.unne.edu.ar\/SIED-UV\/wp-json\/wp\/v2\/types\/page"}],"author":[{"embeddable":true,"href":"https:\/\/virtual.unne.edu.ar\/SIED-UV\/wp-json\/wp\/v2\/users\/1"}],"replies":[{"embeddable":true,"href":"https:\/\/virtual.unne.edu.ar\/SIED-UV\/wp-json\/wp\/v2\/comments?post=14"}],"version-history":[{"count":6,"href":"https:\/\/virtual.unne.edu.ar\/SIED-UV\/wp-json\/wp\/v2\/pages\/14\/revisions"}],"predecessor-version":[{"id":911,"href":"https:\/\/virtual.unne.edu.ar\/SIED-UV\/wp-json\/wp\/v2\/pages\/14\/revisions\/911"}],"up":[{"embeddable":true,"href":"https:\/\/virtual.unne.edu.ar\/SIED-UV\/wp-json\/wp\/v2\/pages\/44"}],"wp:attachment":[{"href":"https:\/\/virtual.unne.edu.ar\/SIED-UV\/wp-json\/wp\/v2\/media?parent=14"}],"curies":[{"name":"wp","href":"https:\/\/api.w.org\/{rel}","templated":true}]}}