{"id":16,"date":"2021-10-05T08:03:09","date_gmt":"2021-10-05T11:03:09","guid":{"rendered":"http:\/\/sied.local\/?page_id=16"},"modified":"2024-12-04T09:49:48","modified_gmt":"2024-12-04T12:49:48","slug":"ccev","status":"publish","type":"page","link":"https:\/\/virtual.unne.edu.ar\/SIED-UV\/sied\/funcionamiento\/ccev\/","title":{"rendered":"Comisi\u00f3n Central de Educaci\u00f3n Virtual"},"content":{"rendered":"\n<p>La importancia estrat\u00e9gica de la inclusi\u00f3n de la modalidad virtual en una Universidad presencial como la Universidad Nacional del Nordeste, vuelve imprescindible conformar una Comisi\u00f3n Central de Educaci\u00f3n Virtual (CCEV) que permita articular procesos y acciones de las Unidades Acad\u00e9micas en el marco de integraci\u00f3n que constituye UNNE-Virtual.<br>Es necesario consolidar la implementaci\u00f3n de la educaci\u00f3n virtual como una parte fundamental de la pol\u00edtica educativa institucional, en tanto su crecimiento contin\u00faa y es la propia Universidad la que se presenta y expone a trav\u00e9s de las ofertas en esta modalidad.<\/p>\n\n\n\n<p>En este sentido UNNE-Virtual constituye un \u00e1rea de gesti\u00f3n centralizada para promover y velar por la calidad educativa de las ofertas en esta modalidad en sus aspectos pedag\u00f3gicos, tecnol\u00f3gicos y de gesti\u00f3n, adem\u00e1s de generar e instalar una imagen institucional en torno a la modalidad.<\/p>\n\n\n\n<div class=\"wp-block-columns is-layout-flex wp-container-3 wp-block-columns-is-layout-flex\">\n<div class=\"wp-block-column is-layout-flow wp-block-column-is-layout-flow\" style=\"flex-basis:33.33%\"><\/div>\n\n\n\n<div class=\"wp-block-column is-layout-flow wp-block-column-is-layout-flow\" style=\"flex-basis:66.66%\">\n<p class=\"has-text-align-right has-text-color\" style=\"color:#d61981\"> <em>\u201cEs necesario consolidar la implementaci\u00f3n de la educaci\u00f3n virtual como una parte fundamental de la pol\u00edtica educativa institucional, en tanto su crecimiento contin\u00faa y es la propia Universidad la que se presenta y expone a trav\u00e9s de las ofertas en esta modalidad<\/em>&#8221; <\/p>\n<\/div>\n<\/div>\n\n\n\n<div style=\"height:48px\" aria-hidden=\"true\" class=\"wp-block-spacer\"><\/div>\n\n\n\n<h3 class=\"wp-block-heading\">Misi\u00f3n<\/h3>\n\n\n\n<p>La Comisi\u00f3n Central de Educaci\u00f3n Virtual tiene como prop\u00f3sito generar un trabajo conjunto, coordinado, integrado, cooperativo y de consenso en las cuestiones de educaci\u00f3n virtual, entre las Unidades Acad\u00e9micas y UNNE-Virtual, en tanto \u00e1rea central de gesti\u00f3n de la educaci\u00f3n virtual de la UNNE.<\/p>\n\n\n\n<div style=\"height:38px\" aria-hidden=\"true\" class=\"wp-block-spacer\"><\/div>\n\n\n\n<h3 class=\"wp-block-heading\">Objetivo General<\/h3>\n\n\n\n<p>Consolidar y organizar una instancia con una fuerte vocaci\u00f3n integradora y de representatividad, vocaci\u00f3n que queda plasmada a partir de la propuesta de conformaci\u00f3n de la Comisi\u00f3n Central de Educaci\u00f3n Virtual con miembros de cada Unidad Acad\u00e9mica.<\/p>\n\n\n\n<div style=\"height:38px\" aria-hidden=\"true\" class=\"wp-block-spacer\"><\/div>\n\n\n\n<h3 class=\"wp-block-heading\">De las Funciones<\/h3>\n\n\n\n<p>La CCEV tiene como funciones:<br>&nbsp;Actuar como nexo entre UNNE-Virtual y las Unidades Acad\u00e9micas.<\/p>\n\n\n\n<ol>\n<li>Coordinar acciones con los distintos sectores de la Universidad, para atender a las necesidades de difusi\u00f3n de las propuestas de la modalidad virtual.<\/li>\n\n\n\n<li>Establecer una din\u00e1mica institucional pluralista de intercambio y discusi\u00f3n, que permita la socializaci\u00f3n, con participaci\u00f3n de todos los actores institucionales.<\/li>\n\n\n\n<li>Gestionar la provisi\u00f3n de informaci\u00f3n desde y hacia distintos sectores de la Unidad Acad\u00e9mica en tiempo y forma.<\/li>\n\n\n\n<li>Abordar la implementaci\u00f3n, seguimiento y evaluaci\u00f3n de los aspectos considerados siguiendo el modelo, criterios y focos de an\u00e1lisis centrales definidos en el Programa UNNE-Virtual, y aportar as\u00ed a la consolidaci\u00f3n y ampliaci\u00f3n de la modalidad virtual en la UNNE.<\/li>\n\n\n\n<li>Realizar aportes a la agenda de acciones de UNNE-Virtual.<\/li>\n\n\n\n<li>Constituirse en un foro de debate y b\u00fasqueda de consenso en asuntos relacionados con la educaci\u00f3n virtual, producci\u00f3n y uso de tecnolog\u00eda educativa.<\/li>\n<\/ol>\n\n\n\n<div style=\"height:60px\" aria-hidden=\"true\" class=\"wp-block-spacer\"><\/div>\n\n\n\n<h3 class=\"wp-block-heading has-text-color\" style=\"color:#bf2087\">Representantes por Unidad Acad\u00e9mica <\/h3>\n\n\n\n<div style=\"height:43px\" aria-hidden=\"true\" class=\"wp-block-spacer\"><\/div>\n\n\n\n<figure class=\"wp-block-table is-style-stripes\"><table><tbody><tr><td>Facultad de Arquitectura y Urbanismo <\/td><td><strong>Javier Lubary<\/strong><\/td><td><a href=\"javierlubary@gmail.com\"> javierlubary@gmail.com<\/a><\/td><\/tr><tr><td>Facultad de Artes, Dise\u00f1o y Ciencias de la Cultura <\/td><td><strong>Esteban Ram\u00edrez<\/strong> <\/td><td><a href=\"mailto:fadyccvirtual@comunidad.unne.edu.ar\">fadyccvirtual@comunidad.unne.edu.ar<\/a><\/td><\/tr><tr><td>Facultad de Ciencias Agrarias <\/td><td><strong>Griselda B\u00f3beda<\/strong><\/td><td><a rel=\"noreferrer noopener\" href=\"mailto:griseldabobeda@gmail.com\" target=\"_blank\">griseldabobeda@gmail.com<\/a> <\/td><\/tr><tr><td>Facultad de Ciencias Econ\u00f3micas <\/td><td><strong>Lucas Oviedo<\/strong><\/td><td><a href=\"mailto:lucas.oviedo@comunidad.unne.edu.ar\">lucas.oviedo@comunidad.unne.edu.ar<\/a> <\/td><\/tr><tr><td>Facultad de Ciencias Exactas y Naturales y Agrimensura <\/td><td><strong>Claudia Patricia Serrano<\/strong><\/td><td><a href=\"mailto:galdeanom@gmail.com\">facenavirtual@exa.unne.edu.ar<\/a><\/td><\/tr><tr><td>Facultad de Ciencias Veterinarias <\/td><td><strong>Emilse Rosalia Tejerina<\/strong> <\/td><td><a href=\"mailto:aulasvirtuales@vet.unne.edu.ar\">aulasvirtuales@vet.unne.edu.ar<\/a><\/td><\/tr><tr><td>Facultad de Derecho y Ciencias Pol\u00edticas y Sociales <\/td><td><strong>Sabrina Marina Susana<\/strong>  <strong>Mambrin Cunha<\/strong><\/td><td><a href=\"mailto:marian1030@hotmail.com\">sabrinamambrin26@gmail.com<\/a><\/td><\/tr><tr><td>Facultad de Humanidades <\/td><td><strong>Mar\u00eda Galdeano<\/strong><\/td><td> <a href=\"mailto:galdeanom@gmail.com\">galdeanom@gmail.com<\/a> <\/td><\/tr><tr><td>Facultad de Ingenier\u00eda <\/td><td><strong>Jos\u00e9 Luis Alunni<\/strong><\/td><td> <a href=\"mailto:%20joseluisalunni2016@gmail.com\">joseluisalunni2016@gmail.com<\/a> <\/td><\/tr><tr><td>Facultad de Medicina <\/td><td><strong>Juan Pablo D\u00edaz<\/strong><\/td><td><a href=\"https:\/\/virtual.unne.edu.ar\/web2015\/UNNE-virtual\/juanpablodiaz@med.unne.edu.ar\">juanpablodiaz@med.unne.edu.ar<\/a> <\/td><\/tr><tr><td>Facultad de Odontolog\u00eda <\/td><td><strong>Mar\u00eda Julia L\u00f3pez Vallejos<\/strong><\/td><td><a href=\"mailto:mjulialopez@hotmail.com\">mjulialopez@hotmail.com<\/a> <\/td><\/tr><tr><td>Instituto de Ciencias Criminal\u00edsticas y Criminolog\u00eda <\/td><td><strong>Sandra Durand<\/strong><\/td><td> <a href=\"mailto:sandurand3@gmail.com\">sandurand3@gmail.com<\/a> <\/td><\/tr><tr><td> Secretar\u00eda General de Extensi\u00f3n Universitaria <\/td><td><strong>Gabriela Yanina Gomez<\/strong><\/td><td> <a href=\"mailto:gabriela.gomez@comunidad.unne.edu.ar\">gabriela.gomez@comunidad.unne.edu.ar<\/a><\/td><\/tr><\/tbody><\/table><\/figure>\n\n\n\n<p><\/p>\n","protected":false},"excerpt":{"rendered":"<p>La importancia estrat\u00e9gica de la inclusi\u00f3n de la modalidad virtual en una Universidad presencial como la Universidad Nacional del Nordeste, vuelve imprescindible conformar una Comisi\u00f3n Central de Educaci\u00f3n Virtual (CCEV) que permita articular procesos y acciones de las Unidades Acad\u00e9micas en el marco de integraci\u00f3n que constituye UNNE-Virtual.Es necesario consolidar la implementaci\u00f3n de la educaci\u00f3n [&hellip;]<\/p>\n","protected":false},"author":1,"featured_media":0,"parent":44,"menu_order":0,"comment_status":"closed","ping_status":"closed","template":"","meta":{"footnotes":""},"acf":[],"_links":{"self":[{"href":"https:\/\/virtual.unne.edu.ar\/SIED-UV\/wp-json\/wp\/v2\/pages\/16"}],"collection":[{"href":"https:\/\/virtual.unne.edu.ar\/SIED-UV\/wp-json\/wp\/v2\/pages"}],"about":[{"href":"https:\/\/virtual.unne.edu.ar\/SIED-UV\/wp-json\/wp\/v2\/types\/page"}],"author":[{"embeddable":true,"href":"https:\/\/virtual.unne.edu.ar\/SIED-UV\/wp-json\/wp\/v2\/users\/1"}],"replies":[{"embeddable":true,"href":"https:\/\/virtual.unne.edu.ar\/SIED-UV\/wp-json\/wp\/v2\/comments?post=16"}],"version-history":[{"count":15,"href":"https:\/\/virtual.unne.edu.ar\/SIED-UV\/wp-json\/wp\/v2\/pages\/16\/revisions"}],"predecessor-version":[{"id":2919,"href":"https:\/\/virtual.unne.edu.ar\/SIED-UV\/wp-json\/wp\/v2\/pages\/16\/revisions\/2919"}],"up":[{"embeddable":true,"href":"https:\/\/virtual.unne.edu.ar\/SIED-UV\/wp-json\/wp\/v2\/pages\/44"}],"wp:attachment":[{"href":"https:\/\/virtual.unne.edu.ar\/SIED-UV\/wp-json\/wp\/v2\/media?parent=16"}],"curies":[{"name":"wp","href":"https:\/\/api.w.org\/{rel}","templated":true}]}}