{"id":18,"date":"2021-10-05T08:03:21","date_gmt":"2021-10-05T11:03:21","guid":{"rendered":"http:\/\/sied.local\/?page_id=18"},"modified":"2022-11-10T12:29:14","modified_gmt":"2022-11-10T15:29:14","slug":"redes","status":"publish","type":"page","link":"https:\/\/virtual.unne.edu.ar\/SIED-UV\/sied\/funcionamiento\/redes\/","title":{"rendered":"Relaciones Intra e Inter insitucionales"},"content":{"rendered":"\n<p><\/p>\n\n\n\n<h2 class=\"has-text-align-left has-text-color wp-block-heading\" style=\"color:#97092c\">Relaciones Intrainstitucionales <\/h2>\n\n\n\n<p>Se han fortalecido relaciones de cooperaci\u00f3n entre \u00e1reas de Rectorado y Unidades Acad\u00e9micas tales como: <\/p>\n\n\n\n<p> <li>Direcci\u00f3n TIC: plataformas y evea. <\/li><\/p>\n\n\n\n<p><li>Coordinaci\u00f3n General de Comunicaci\u00f3n Institucional de la UNNE<\/li><\/p>\n\n\n\n<p><li>Direcci\u00f3n TIC, <\/li><\/p>\n\n\n\n<p><li>Equipo T\u00e9cnico Pedag\u00f3gico de la SGA, <\/li><\/p>\n\n\n\n<p><li>Secretar\u00eda General de Planeamiento <\/li><\/p>\n\n\n\n<p><li>Secretar\u00eda General de Posgrado<\/li><\/p>\n\n\n\n<p><li>Unidades Acad\u00e9micas.\u00a0 \u00a0\u00a0<\/li><\/p>\n\n\n\n<div style=\"height:55px\" aria-hidden=\"true\" class=\"wp-block-spacer\"><\/div>\n\n\n\n<h2 class=\"has-text-align-left has-text-color wp-block-heading\" style=\"color:#97092c\">Relaciones Interinstitucionales <\/h2>\n\n\n\n<p><em>El Programa UNNE Virtual participa activamente y como integrante de:<\/em><\/p>\n\n\n\n<div class=\"wp-block-columns is-layout-flex wp-container-3 wp-block-columns-is-layout-flex\">\n<div class=\"wp-block-column is-layout-flow wp-block-column-is-layout-flow\">\n<hr class=\"wp-block-separator is-style-wide\"\/>\n\n\n\n<div class=\"wp-block-image\"><figure class=\"aligncenter size-full is-resized\"><img decoding=\"async\" loading=\"lazy\" src=\"https:\/\/virtual.unne.edu.ar\/SIED-UV\/wp-content\/uploads\/2022\/11\/rueda.png\" alt=\"\" class=\"wp-image-997\" width=\"383\" height=\"64\" srcset=\"https:\/\/virtual.unne.edu.ar\/SIED-UV\/wp-content\/uploads\/2022\/11\/rueda.png 591w, https:\/\/virtual.unne.edu.ar\/SIED-UV\/wp-content\/uploads\/2022\/11\/rueda-300x51.png 300w\" sizes=\"(max-width: 383px) 100vw, 383px\" \/><\/figure><\/div>\n\n\n\n<p><strong><a href=\"https:\/\/rueda.cin.edu.ar\/\" target=\"_blank\" rel=\"noreferrer noopener\">Red Universitaria de Educaci\u00f3n a Distancia (RUEDA) <\/a><\/strong><\/p>\n\n\n\n<p><em>Representantes: MG Mar\u00eda Graciela Fernandez (titular) &#8211; Esp. Alicia Raquel Bressan (suplente) <\/em><\/p>\n<\/div>\n\n\n\n<div class=\"wp-block-column is-layout-flow wp-block-column-is-layout-flow\">\n<hr class=\"wp-block-separator is-style-wide\"\/>\n\n\n\n<div class=\"wp-block-image\"><figure class=\"aligncenter size-full is-resized\"><img decoding=\"async\" loading=\"lazy\" src=\"https:\/\/virtual.unne.edu.ar\/SIED-UV\/wp-content\/uploads\/2022\/11\/logo_cavila-1.png\" alt=\"\" class=\"wp-image-998\" width=\"296\" height=\"104\" srcset=\"https:\/\/virtual.unne.edu.ar\/SIED-UV\/wp-content\/uploads\/2022\/11\/logo_cavila-1.png 541w, https:\/\/virtual.unne.edu.ar\/SIED-UV\/wp-content\/uploads\/2022\/11\/logo_cavila-1-300x106.png 300w\" sizes=\"(max-width: 296px) 100vw, 296px\" \/><\/figure><\/div>\n\n\n\n<p><strong>AULA CAVILA &#8211; Asociaci\u00f3n Civil de Universidades Latinoamericanas.<\/strong><\/p>\n\n\n\n<p><em>Representantes: MG Mar\u00eda Graciela Fernandez (titular) &#8211; Esp. Alicia Raquel Bressan (suplente) <\/em><\/p>\n<\/div>\n<\/div>\n\n\n\n<hr class=\"wp-block-separator is-style-wide\"\/>\n\n\n\n<p><strong>Ministerio de Educaci\u00f3n del Chaco<\/strong><\/p>\n\n\n\n<p>Convenio de trabajo plataforma ELE<\/p>\n\n\n\n<hr class=\"wp-block-separator is-style-wide\"\/>\n\n\n\n<p><strong>Banco de Corrientes <\/strong><\/p>\n\n\n\n<hr class=\"wp-block-separator is-style-wide\"\/>\n\n\n\n<p>Adem\u00e1s, se mantienen relaciones de colaboraci\u00f3n con el Centro de Innovaci\u00f3n en Tecnolog\u00eda y Pedagog\u00eda de la Universidad de Buenos Aires (CITEP-UBA).<\/p>\n\n\n\n<div style=\"height:27px\" aria-hidden=\"true\" class=\"wp-block-spacer\"><\/div>\n\n\n\n<div style=\"height:27px\" aria-hidden=\"true\" class=\"wp-block-spacer\"><\/div>\n","protected":false},"excerpt":{"rendered":"<p>Relaciones Intrainstitucionales Se han fortalecido relaciones de cooperaci\u00f3n entre \u00e1reas de Rectorado y Unidades Acad\u00e9micas tales como: Direcci\u00f3n TIC: plataformas y evea. Coordinaci\u00f3n General de Comunicaci\u00f3n Institucional de la UNNE Direcci\u00f3n TIC, Equipo T\u00e9cnico Pedag\u00f3gico de la SGA, Secretar\u00eda General de Planeamiento Secretar\u00eda General de Posgrado Unidades Acad\u00e9micas.\u00a0 \u00a0\u00a0 Relaciones Interinstitucionales El Programa UNNE Virtual [&hellip;]<\/p>\n","protected":false},"author":1,"featured_media":0,"parent":44,"menu_order":0,"comment_status":"closed","ping_status":"closed","template":"","meta":{"footnotes":""},"acf":[],"_links":{"self":[{"href":"https:\/\/virtual.unne.edu.ar\/SIED-UV\/wp-json\/wp\/v2\/pages\/18"}],"collection":[{"href":"https:\/\/virtual.unne.edu.ar\/SIED-UV\/wp-json\/wp\/v2\/pages"}],"about":[{"href":"https:\/\/virtual.unne.edu.ar\/SIED-UV\/wp-json\/wp\/v2\/types\/page"}],"author":[{"embeddable":true,"href":"https:\/\/virtual.unne.edu.ar\/SIED-UV\/wp-json\/wp\/v2\/users\/1"}],"replies":[{"embeddable":true,"href":"https:\/\/virtual.unne.edu.ar\/SIED-UV\/wp-json\/wp\/v2\/comments?post=18"}],"version-history":[{"count":9,"href":"https:\/\/virtual.unne.edu.ar\/SIED-UV\/wp-json\/wp\/v2\/pages\/18\/revisions"}],"predecessor-version":[{"id":992,"href":"https:\/\/virtual.unne.edu.ar\/SIED-UV\/wp-json\/wp\/v2\/pages\/18\/revisions\/992"}],"up":[{"embeddable":true,"href":"https:\/\/virtual.unne.edu.ar\/SIED-UV\/wp-json\/wp\/v2\/pages\/44"}],"wp:attachment":[{"href":"https:\/\/virtual.unne.edu.ar\/SIED-UV\/wp-json\/wp\/v2\/media?parent=18"}],"curies":[{"name":"wp","href":"https:\/\/api.w.org\/{rel}","templated":true}]}}