{"id":22,"date":"2021-10-05T08:04:16","date_gmt":"2021-10-05T11:04:16","guid":{"rendered":"http:\/\/sied.local\/?page_id=22"},"modified":"2024-06-27T08:55:40","modified_gmt":"2024-06-27T11:55:40","slug":"ministerio-de-educacion","status":"publish","type":"page","link":"https:\/\/virtual.unne.edu.ar\/SIED-UV\/sied\/reglamentacion\/ministerio-de-educacion\/","title":{"rendered":"Encuadre Legal de la Educaci\u00f3n Superior"},"content":{"rendered":"\n<p><strong><a href=\"https:\/\/drive.google.com\/file\/d\/12Jk6VDZw-Kpds50W1CXCvNPYbfMfaHfH\/view?usp=sharing\">Resoluci\u00f3n N\u00b0 2599\/2023 \u2013 MECCyT<\/a><\/strong><\/p>\n\n\n\n<p>Aprueba el nuevo reglamento sobre la modalidad de educaci\u00f3n a distancia.<\/p>\n\n\n\n<hr class=\"wp-block-separator has-alpha-channel-opacity\"\/>\n\n\n\n<div style=\"height:40px\" aria-hidden=\"true\" class=\"wp-block-spacer\"><\/div>\n\n\n\n<p><strong>Resoluci\u00f3n N\u00b0 2641\/2017 \u2013 MECCyT<\/strong><\/p>\n\n\n\n<p>Aprobaci\u00f3n del documento sobre la opci\u00f3n pedag\u00f3gica y did\u00e1ctica de la Educaci\u00f3n a Distancia propuesto por el Consejo de Universidades.<\/p>\n\n\n\n<p><strong>Resoluci\u00f3n N\u00b0 4389\/12017 \u2013 MECCyT<\/strong><\/p>\n\n\n\n<p>Recomendaci\u00f3n a la Comisi\u00f3n Nacional de Evaluaci\u00f3n y Acreditaci\u00f3n Universitaria (CONEAU) la recepci\u00f3n de las solicitudes referentes al Sistema Institucional de Educaci\u00f3n a Distancia ( SIED) que las instituciones universitarias realicen a los fines de la intervenci\u00f3n que dicha Comisi\u00f3n debe efectuar como instancia previa a que la Secretar\u00eda de Pol\u00edticas Universitarias (SPU) emita la correspondiente resoluci\u00f3n de validaci\u00f3n del SIED, en un todo conforme a lo prescripto en la Resoluci\u00f3n Ministerial N\u00b0 2641\/2017.<\/p>\n\n\n\n<p><a href=\"https:\/\/virtual.unne.edu.ar\/web2015\/UNNE-virtual\/marcoL-resoluciones\/ResN1366-12ME.pdf\" target=\"_blank\" rel=\"noreferrer noopener\"><strong>Res. N\u00b01366-12 ME<\/strong><\/a><br>Programa de expansi\u00f3n de la Educaci\u00f3n Superior &#8211; Lineamientos Generales para los Centros Regionales de Educaci\u00f3n Superior &#8211; Gu\u00eda para la preparaci\u00f3n del Proyecto Institucional CRES.<br><\/p>\n\n\n\n<p><a href=\"https:\/\/virtual.unne.edu.ar\/web2015\/UNNE-virtual\/marcoL-resoluciones\/ResN1368-12ME.pdf\" target=\"_blank\" rel=\"noreferrer noopener\"><strong>Res. N\u00b01368-12 ME<\/strong><\/a><br>Programa de expansi\u00f3n de la Educaci\u00f3n Superior &#8211; Criterios y Est\u00e1ndares para las Actividades Acad\u00e9micas de los Centros Regionlaes de Educaci\u00f3n Superior.<\/p>\n\n\n\n<p><a rel=\"noreferrer noopener\" href=\"https:\/\/virtual.unne.edu.ar\/web2015\/UNNE-virtual\/marcoL-resoluciones\/LeyNacionalEducacionSuperior.pdf\" target=\"_blank\"><strong>Ley N.\u00ba 24.521<\/strong><\/a><br>Ley Nacional de Educaci\u00f3n Superior.<br><br><a rel=\"noreferrer noopener\" href=\"https:\/\/virtual.unne.edu.ar\/web2015\/UNNE-virtual\/marcoL-resoluciones\/LeyEducNacional.pdf\" target=\"_blank\"><strong>Ley N.\u00ba 26.206<\/strong><\/a><br>Ley de Educaci\u00f3n Nacional.<br><br><a rel=\"noreferrer noopener\" href=\"https:\/\/virtual.unne.edu.ar\/web2015\/UNNE-virtual\/marcoL-resoluciones\/EAD_2641-E_2017.pdf\" target=\"_blank\"><strong>Resoluci\u00f3n N.\u00ba 2641-E\/2017<\/strong><\/a><br>Reglamentaci\u00f3n para implementaci\u00f3n de ofertas bajo la modalidad a distancia<\/p>\n\n\n\n<p><\/p>\n","protected":false},"excerpt":{"rendered":"<p>Resoluci\u00f3n N\u00b0 2599\/2023 \u2013 MECCyT Aprueba el nuevo reglamento sobre la modalidad de educaci\u00f3n a distancia. Resoluci\u00f3n N\u00b0 2641\/2017 \u2013 MECCyT Aprobaci\u00f3n del documento sobre la opci\u00f3n pedag\u00f3gica y did\u00e1ctica de la Educaci\u00f3n a Distancia propuesto por el Consejo de Universidades. Resoluci\u00f3n N\u00b0 4389\/12017 \u2013 MECCyT Recomendaci\u00f3n a la Comisi\u00f3n Nacional de Evaluaci\u00f3n y Acreditaci\u00f3n [&hellip;]<\/p>\n","protected":false},"author":1,"featured_media":0,"parent":34,"menu_order":0,"comment_status":"closed","ping_status":"closed","template":"","meta":{"footnotes":""},"acf":[],"_links":{"self":[{"href":"https:\/\/virtual.unne.edu.ar\/SIED-UV\/wp-json\/wp\/v2\/pages\/22"}],"collection":[{"href":"https:\/\/virtual.unne.edu.ar\/SIED-UV\/wp-json\/wp\/v2\/pages"}],"about":[{"href":"https:\/\/virtual.unne.edu.ar\/SIED-UV\/wp-json\/wp\/v2\/types\/page"}],"author":[{"embeddable":true,"href":"https:\/\/virtual.unne.edu.ar\/SIED-UV\/wp-json\/wp\/v2\/users\/1"}],"replies":[{"embeddable":true,"href":"https:\/\/virtual.unne.edu.ar\/SIED-UV\/wp-json\/wp\/v2\/comments?post=22"}],"version-history":[{"count":5,"href":"https:\/\/virtual.unne.edu.ar\/SIED-UV\/wp-json\/wp\/v2\/pages\/22\/revisions"}],"predecessor-version":[{"id":2482,"href":"https:\/\/virtual.unne.edu.ar\/SIED-UV\/wp-json\/wp\/v2\/pages\/22\/revisions\/2482"}],"up":[{"embeddable":true,"href":"https:\/\/virtual.unne.edu.ar\/SIED-UV\/wp-json\/wp\/v2\/pages\/34"}],"wp:attachment":[{"href":"https:\/\/virtual.unne.edu.ar\/SIED-UV\/wp-json\/wp\/v2\/media?parent=22"}],"curies":[{"name":"wp","href":"https:\/\/api.w.org\/{rel}","templated":true}]}}