{"id":2503,"date":"2024-07-04T08:29:02","date_gmt":"2024-07-04T11:29:02","guid":{"rendered":"https:\/\/virtual.unne.edu.ar\/SIED-UV\/?page_id=2503"},"modified":"2024-07-04T09:13:35","modified_gmt":"2024-07-04T12:13:35","slug":"uv-lab","status":"publish","type":"page","link":"https:\/\/virtual.unne.edu.ar\/SIED-UV\/sied\/programas\/uv-lab\/","title":{"rendered":"UV Lab"},"content":{"rendered":"\n<figure class=\"wp-block-image size-full\"><img decoding=\"async\" loading=\"lazy\" width=\"220\" height=\"70\" src=\"https:\/\/virtual.unne.edu.ar\/SIED-UV\/wp-content\/uploads\/2024\/07\/UV-lab.png\" alt=\"\" class=\"wp-image-2533\"\/><\/figure>\n\n\n\n<h1 class=\"wp-block-heading has-text-align-center\">Experimentando el futuro<\/h1>\n\n\n\n<p><\/p>\n\n\n\n<hr class=\"wp-block-separator has-alpha-channel-opacity\"\/>\n\n\n\n<p class=\"has-text-align-center has-medium-font-size\"><strong>Brindamos espacio, recursos y acompa\u00f1amiento para la innovaci\u00f3n.<\/strong><br>Convocamos a equipos de trabajo de docentes, investigadores, estudiantes, interdisciplinarios.<\/p>\n\n\n\n<div style=\"height:100px\" aria-hidden=\"true\" class=\"wp-block-spacer\"><\/div>\n\n\n\n<p>El Programa UNNE-Virtual se&nbsp;<strong>propone ampliar sus l\u00edneas de acci\u00f3n<\/strong>&nbsp;a trav\u00e9s del proyecto UVLab\u2013 Experimentando el futuro, con la finalidad de permitir a estudiantes y docentes de la UNNE<strong>&nbsp;dise\u00f1ar y aplicar soluciones tecnol\u00f3gicas&nbsp;<\/strong><em>a<\/em><em>problemas propios de su campo disciplinar<\/em>.<\/p>\n\n\n\n<p>El equipamiento que dispone el Programa UNNE-Virtual, como programa transversal universitario, permitir\u00e1 la experimentaci\u00f3n de&nbsp;<strong>todos los miembros&nbsp;<\/strong>de la comunidad acad\u00e9mica de la Universidad que tengan alg\u00fan proyecto que involucre el uso y el aprovechamiento de este tipo de artefactos tecnol\u00f3gicos.&nbsp;<\/p>\n\n\n\n<div style=\"height:100px\" aria-hidden=\"true\" class=\"wp-block-spacer\"><\/div>\n\n\n\n<h2 class=\"wp-block-heading has-text-align-left has-text-color\" style=\"color:#00555b\">Destinatarios<\/h2>\n\n\n\n<p>Equipos de trabajo integrados por docentes, investigadores, extensionistas y estudiantes de las distintas carreras de la UNNE<\/p>\n\n\n\n<div style=\"height:100px\" aria-hidden=\"true\" class=\"wp-block-spacer\"><\/div>\n\n\n\n<h2 class=\"wp-block-heading has-text-align-left has-text-color\" style=\"color:#00555b\">Objetivos<\/h2>\n\n\n\n<h3 class=\"wp-block-heading\"><strong>General<\/strong><\/h3>\n\n\n\n<p>Crear un espacio de experimentaci\u00f3n con tecnolog\u00edas para la educaci\u00f3n superior como l\u00ednea de trabajo del programa UNNE-Virtual, orientada a desarrollar soluciones a problemas de conocimiento y del mundo real.<\/p>\n\n\n\n<h3 class=\"wp-block-heading\"><strong>Espec\u00edficos<\/strong><\/h3>\n\n\n\n<ul>\n<li>Conocer y compartir iniciativas que incluyen el uso de nuevas tecnolog\u00edas en distintos proyectos de la UNNE.<\/li>\n\n\n\n<li>Conocer experiencias de estas tecnolog\u00edas en distintos \u00e1mbitos de implementaci\u00f3n.<\/li>\n\n\n\n<li>Posibilitar el uso de nuevas tecnolog\u00edas e inter cambiar ideas y proyectos relacionados con la misma.<\/li>\n\n\n\n<li>Articular acciones conjuntas que enriquezcan o potencien investigaciones y proyectos relacionados con la tem\u00e1tica.<\/li>\n\n\n\n<li>Reflexionar sobre la inclusi\u00f3n de la tecnolog\u00eda en la ense\u00f1anza del nivel superior.<\/li>\n<\/ul>\n\n\n\n<div style=\"height:100px\" aria-hidden=\"true\" class=\"wp-block-spacer\"><\/div>\n\n\n\n<div class=\"wp-block-columns is-layout-flex wp-container-5 wp-block-columns-is-layout-flex\">\n<div class=\"wp-block-column is-layout-flow wp-block-column-is-layout-flow\">\n<figure class=\"wp-block-image size-full\"><img decoding=\"async\" loading=\"lazy\" width=\"318\" height=\"180\" src=\"https:\/\/virtual.unne.edu.ar\/SIED-UV\/wp-content\/uploads\/2024\/07\/refex.png\" alt=\"\" class=\"wp-image-2536\" srcset=\"https:\/\/virtual.unne.edu.ar\/SIED-UV\/wp-content\/uploads\/2024\/07\/refex.png 318w, https:\/\/virtual.unne.edu.ar\/SIED-UV\/wp-content\/uploads\/2024\/07\/refex-300x170.png 300w\" sizes=\"(max-width: 318px) 100vw, 318px\" \/><\/figure>\n\n\n\n<h4 class=\"wp-block-heading has-text-align-center\">ESTUDIO DE FILMACI\u00d3N<\/h4>\n\n\n\n<p class=\"has-text-align-center\">C\u00e1mara, luces, tr\u00edpodes y fondos port\u00e1tiles.<\/p>\n<\/div>\n\n\n\n<div class=\"wp-block-column is-layout-flow wp-block-column-is-layout-flow\">\n<figure class=\"wp-block-image size-full\"><img decoding=\"async\" loading=\"lazy\" width=\"318\" height=\"180\" src=\"https:\/\/virtual.unne.edu.ar\/SIED-UV\/wp-content\/uploads\/2024\/07\/drone.png\" alt=\"\" class=\"wp-image-2537\" srcset=\"https:\/\/virtual.unne.edu.ar\/SIED-UV\/wp-content\/uploads\/2024\/07\/drone.png 318w, https:\/\/virtual.unne.edu.ar\/SIED-UV\/wp-content\/uploads\/2024\/07\/drone-300x170.png 300w\" sizes=\"(max-width: 318px) 100vw, 318px\" \/><\/figure>\n\n\n\n<h4 class=\"wp-block-heading has-text-align-center\">DRONE<\/h4>\n\n\n\n<p class=\"has-text-align-center\">&nbsp;Phantom 4<\/p>\n<\/div>\n\n\n\n<div class=\"wp-block-column is-layout-flow wp-block-column-is-layout-flow\">\n<figure class=\"wp-block-image size-full\"><img decoding=\"async\" loading=\"lazy\" width=\"318\" height=\"180\" src=\"https:\/\/virtual.unne.edu.ar\/SIED-UV\/wp-content\/uploads\/2024\/07\/gopro.png\" alt=\"\" class=\"wp-image-2538\" srcset=\"https:\/\/virtual.unne.edu.ar\/SIED-UV\/wp-content\/uploads\/2024\/07\/gopro.png 318w, https:\/\/virtual.unne.edu.ar\/SIED-UV\/wp-content\/uploads\/2024\/07\/gopro-300x170.png 300w\" sizes=\"(max-width: 318px) 100vw, 318px\" \/><\/figure>\n\n\n\n<h5 class=\"wp-block-heading has-text-align-center\">C\u00c1MARAS<\/h5>\n\n\n\n<p class=\"has-text-align-center\">GO PRO 6 black<\/p>\n<\/div>\n\n\n\n<div class=\"wp-block-column is-layout-flow wp-block-column-is-layout-flow\">\n<figure class=\"wp-block-image size-full\"><img decoding=\"async\" loading=\"lazy\" width=\"318\" height=\"180\" src=\"https:\/\/virtual.unne.edu.ar\/SIED-UV\/wp-content\/uploads\/2024\/07\/printer.png\" alt=\"\" class=\"wp-image-2539\" srcset=\"https:\/\/virtual.unne.edu.ar\/SIED-UV\/wp-content\/uploads\/2024\/07\/printer.png 318w, https:\/\/virtual.unne.edu.ar\/SIED-UV\/wp-content\/uploads\/2024\/07\/printer-300x170.png 300w\" sizes=\"(max-width: 318px) 100vw, 318px\" \/><\/figure>\n\n\n\n<h5 class=\"wp-block-heading has-text-align-center\">IMPRESORA 3D <\/h5>\n\n\n\n<p class=\"has-text-align-center\"><\/p>\n<\/div>\n<\/div>\n\n\n\n<p><\/p>\n\n\n\n<p><\/p>\n","protected":false},"excerpt":{"rendered":"<p>Experimentando el futuro Brindamos espacio, recursos y acompa\u00f1amiento para la innovaci\u00f3n.Convocamos a equipos de trabajo de docentes, investigadores, estudiantes, interdisciplinarios. El Programa UNNE-Virtual se&nbsp;propone ampliar sus l\u00edneas de acci\u00f3n&nbsp;a trav\u00e9s del proyecto UVLab\u2013 Experimentando el futuro, con la finalidad de permitir a estudiantes y docentes de la UNNE&nbsp;dise\u00f1ar y aplicar soluciones tecnol\u00f3gicas&nbsp;aproblemas propios de su [&hellip;]<\/p>\n","protected":false},"author":2,"featured_media":0,"parent":2490,"menu_order":0,"comment_status":"closed","ping_status":"closed","template":"","meta":{"footnotes":""},"acf":[],"_links":{"self":[{"href":"https:\/\/virtual.unne.edu.ar\/SIED-UV\/wp-json\/wp\/v2\/pages\/2503"}],"collection":[{"href":"https:\/\/virtual.unne.edu.ar\/SIED-UV\/wp-json\/wp\/v2\/pages"}],"about":[{"href":"https:\/\/virtual.unne.edu.ar\/SIED-UV\/wp-json\/wp\/v2\/types\/page"}],"author":[{"embeddable":true,"href":"https:\/\/virtual.unne.edu.ar\/SIED-UV\/wp-json\/wp\/v2\/users\/2"}],"replies":[{"embeddable":true,"href":"https:\/\/virtual.unne.edu.ar\/SIED-UV\/wp-json\/wp\/v2\/comments?post=2503"}],"version-history":[{"count":8,"href":"https:\/\/virtual.unne.edu.ar\/SIED-UV\/wp-json\/wp\/v2\/pages\/2503\/revisions"}],"predecessor-version":[{"id":2543,"href":"https:\/\/virtual.unne.edu.ar\/SIED-UV\/wp-json\/wp\/v2\/pages\/2503\/revisions\/2543"}],"up":[{"embeddable":true,"href":"https:\/\/virtual.unne.edu.ar\/SIED-UV\/wp-json\/wp\/v2\/pages\/2490"}],"wp:attachment":[{"href":"https:\/\/virtual.unne.edu.ar\/SIED-UV\/wp-json\/wp\/v2\/media?parent=2503"}],"curies":[{"name":"wp","href":"https:\/\/api.w.org\/{rel}","templated":true}]}}