{"id":32,"date":"2021-10-05T08:08:30","date_gmt":"2021-10-05T11:08:30","guid":{"rendered":"http:\/\/sied.local\/?page_id=32"},"modified":"2022-11-10T12:56:29","modified_gmt":"2022-11-10T15:56:29","slug":"funciones","status":"publish","type":"page","link":"https:\/\/virtual.unne.edu.ar\/SIED-UV\/uv\/institucional\/funciones\/","title":{"rendered":"Acerca de UV"},"content":{"rendered":"\n<p>El Programa UNNE-Virtual fue creado por Resoluci\u00f3n N\u00ba 185\/01-CS, destinada inicialmente a complementar las acciones pedag\u00f3gicas de las distintas Unidades Acad\u00e9micas. Con el transcurrir del tiempo,&nbsp; el fortalecimiento y la ampliaci\u00f3n de sus l\u00edneas de acci\u00f3n lo han configurado como un Programa Central de la&nbsp; Universidad Nacional del Nordeste dependiente de la Secretar\u00eda General Acad\u00e9mica del Rectorado. En la actualidad se articula con las distintas Unidades Acad\u00e9micas y con otros estamentos y programas implementados por la Universidad.<\/p>\n\n\n\n<p>Adem\u00e1s de ser un soporte para la educaci\u00f3n presencial, la modalidad virtual tiene identidad propia y permite que profesores, tutores y estudiantes formen una comunidad de aprendizaje donde la interacci\u00f3n y la comunicaci\u00f3n se constituyen en el n\u00facleo central.<\/p>\n\n\n\n<div class=\"wp-block-sied-boxes box\"><h2>UNNE-Virtual, programa que depende de la Secretar\u00eda General Acad\u00e9mica de la UNNE, \u00a0se constituye como una estrategia educativa con base en el uso intensivo de las tecnolog\u00edas de la informaci\u00f3n y comunicaci\u00f3n, con estructuras operativas flexibles y m\u00e9todos pedag\u00f3gicos, que permite que las condiciones de tiempo, espacio, ocupaci\u00f3n o edad del estudiantado no sean factores limitantes o condicionantes de los procesos de ense\u00f1anza y de aprendizaje. <\/h2><\/div>\n\n\n\n<hr class=\"wp-block-separator has-text-color has-background is-style-wide\" style=\"background-color:#b4b4b4;color:#b4b4b4\"\/>\n\n\n\n<div style=\"height:21px\" aria-hidden=\"true\" class=\"wp-block-spacer\"><\/div>\n\n\n\n<h3 class=\"wp-block-heading\">Objetivos espec\u00edficos<\/h3>\n\n\n\n<ul><li>Impulsar el uso de TIC en las ofertas de grado, posgrado, y actividades de&nbsp; investigaci\u00f3n y de extensi\u00f3n de la UNNE a trav\u00e9s de la difusi\u00f3n, la capacitaci\u00f3n, el asesoramiento t\u00e9cnico-pedag\u00f3gico y la administraci\u00f3n de las plataformas virtuales de UNNE-Virtual, seg\u00fan los principios de equidad, calidad e innovaci\u00f3n.<\/li><li>Promover proyectos de investigaci\u00f3n y desarrollo dentro de la educaci\u00f3n a distancia que potencien el dise\u00f1o, el avance y la evaluaci\u00f3n de propuestas educativas innovadoras.<\/li><li>Brindar capacitaci\u00f3n vinculada al uso educativo de TIC, metodolog\u00edas de ense\u00f1anza y evaluaci\u00f3n, dise\u00f1o y adaptaci\u00f3n de material did\u00e1ctico y todas aquellas dimensiones involucradas en la educaci\u00f3n a distancia.<\/li><li>Asesorar y colaborar en la utilizaci\u00f3n de las plataformas virtuales de UNNE-Virtual y otras&nbsp; tecnolog\u00edas de la comunicaci\u00f3n y la informaci\u00f3n.<\/li><li>Orientar \u2014por s\u00ed o conjuntamente con otras \u00e1reas de la UNNE\u2014 a organizaciones externas en la factibilidad, dise\u00f1o, gesti\u00f3n, administraci\u00f3n, implementaci\u00f3n y evaluaci\u00f3n de propuestas de educaci\u00f3n semipresencial o virtual.<\/li><\/ul>\n\n\n\n<hr class=\"wp-block-separator has-text-color has-background is-style-wide\" style=\"background-color:#b4b4b4;color:#b4b4b4\"\/>\n\n\n\n<div style=\"height:23px\" aria-hidden=\"true\" class=\"wp-block-spacer\"><\/div>\n\n\n\n<h3 class=\"wp-block-heading\">L\u00edneas de Acci\u00f3n <\/h3>\n\n\n\n<p><strong>En virtud de los objetivos espec\u00edficos planteados se establecen las siguientes l\u00edneas de acci\u00f3n:<\/strong><\/p>\n\n\n\n<div class=\"container-wrapper-genially\" style=\"position: relative; min-height: 400px; max-width: 100%;\"><video class=\"loader-genially\" autoplay=\"autoplay\" loop=\"loop\" playsinline=\"playsInline\" muted=\"muted\" style=\"position: absolute;top: 45%;left: 50%;transform: translate(-50%, -50%);width: 80px;height: 80px;margin-bottom: 10%\"><source src=\"https:\/\/static.genial.ly\/resources\/panel-loader-low.mp4\" type=\"video\/mp4\">Your browser does not support the video tag.<\/video><div id=\"635bfa7a0e1b960012a8d6b6\" class=\"genially-embed\" style=\"margin: 0px auto; position: relative; height: auto; width: 100%;\"><\/div><\/div><script>(function (d) { var js, id = \"genially-embed-js\", ref = d.getElementsByTagName(\"script\")[0]; if (d.getElementById(id)) { return; } js = d.createElement(\"script\"); js.id = id; js.async = true; js.src = \"https:\/\/view.genial.ly\/static\/embed\/embed.js\"; ref.parentNode.insertBefore(js, ref); }(document));<\/script>\n\n\n\n<hr class=\"wp-block-separator has-text-color has-background is-style-default\" style=\"background-color:#a8a8a8;color:#a8a8a8\"\/>\n\n\n\n<p><\/p>\n","protected":false},"excerpt":{"rendered":"<p>El Programa UNNE-Virtual fue creado por Resoluci\u00f3n N\u00ba 185\/01-CS, destinada inicialmente a complementar las acciones pedag\u00f3gicas de las distintas Unidades Acad\u00e9micas. Con el transcurrir del tiempo,&nbsp; el fortalecimiento y la ampliaci\u00f3n de sus l\u00edneas de acci\u00f3n lo han configurado como un Programa Central de la&nbsp; Universidad Nacional del Nordeste dependiente de la Secretar\u00eda General Acad\u00e9mica [&hellip;]<\/p>\n","protected":false},"author":1,"featured_media":0,"parent":67,"menu_order":0,"comment_status":"closed","ping_status":"closed","template":"","meta":{"footnotes":""},"acf":[],"_links":{"self":[{"href":"https:\/\/virtual.unne.edu.ar\/SIED-UV\/wp-json\/wp\/v2\/pages\/32"}],"collection":[{"href":"https:\/\/virtual.unne.edu.ar\/SIED-UV\/wp-json\/wp\/v2\/pages"}],"about":[{"href":"https:\/\/virtual.unne.edu.ar\/SIED-UV\/wp-json\/wp\/v2\/types\/page"}],"author":[{"embeddable":true,"href":"https:\/\/virtual.unne.edu.ar\/SIED-UV\/wp-json\/wp\/v2\/users\/1"}],"replies":[{"embeddable":true,"href":"https:\/\/virtual.unne.edu.ar\/SIED-UV\/wp-json\/wp\/v2\/comments?post=32"}],"version-history":[{"count":16,"href":"https:\/\/virtual.unne.edu.ar\/SIED-UV\/wp-json\/wp\/v2\/pages\/32\/revisions"}],"predecessor-version":[{"id":1007,"href":"https:\/\/virtual.unne.edu.ar\/SIED-UV\/wp-json\/wp\/v2\/pages\/32\/revisions\/1007"}],"up":[{"embeddable":true,"href":"https:\/\/virtual.unne.edu.ar\/SIED-UV\/wp-json\/wp\/v2\/pages\/67"}],"wp:attachment":[{"href":"https:\/\/virtual.unne.edu.ar\/SIED-UV\/wp-json\/wp\/v2\/media?parent=32"}],"curies":[{"name":"wp","href":"https:\/\/api.w.org\/{rel}","templated":true}]}}