{"id":36,"date":"2021-10-05T08:09:15","date_gmt":"2021-10-05T11:09:15","guid":{"rendered":"http:\/\/sied.local\/?page_id=36"},"modified":"2022-11-23T07:36:55","modified_gmt":"2022-11-23T10:36:55","slug":"equipo","status":"publish","type":"page","link":"https:\/\/virtual.unne.edu.ar\/SIED-UV\/uv\/institucional\/equipo\/","title":{"rendered":"Equipo"},"content":{"rendered":"\n<h1 class=\"wp-block-heading\"><\/h1>\n\n\n\n<p><strong>El Programa UNNE-Virtual cuenta con un equipo t\u00e9cnico-pedag\u00f3gico multidisciplinar conformado por especialistas en pedagog\u00eda, dise\u00f1o gr\u00e1fico, medios audiovisuales y sistemas de informaci\u00f3n.<\/strong><\/p>\n\n\n\n<div style=\"height:72px\" aria-hidden=\"true\" class=\"wp-block-spacer\"><\/div>\n\n\n\n<p><strong>Sus principales funciones son:<\/strong><\/p>\n\n\n\n<ul><li>Mantener actualizado un modelo pedag\u00f3gico, de gesti\u00f3n y tecnol\u00f3gico, como marco conceptual y procedimental para el desarrollo de propuestas bajo esta modalidad.<\/li><li>Operativizar y ejecutar las l\u00edneas de acci\u00f3n definidas por las autoridades y organismos de gobierno de la Universidad.&nbsp;<\/li><li>Dise\u00f1ar y ejecutar las acciones establecidas seg\u00fan los perfiles profesionales espec\u00edficos.<\/li><li>Supervisar el control de calidad de los procesos y productos propios de cada \u00e1rea.&nbsp;<\/li><li>Programar reuniones peri\u00f3dicas de equipo y participar en ellas, generando instancias dintercambio y evaluaci\u00f3n.<\/li><li>Participar de las reuniones y actividades propuestas por la Coordinaci\u00f3n del Programa y dem\u00e1s autoridades de la Universidad.&nbsp;<\/li><li>Dise\u00f1ar y desarrollar jornadas, cursos, talleres y otros eventos relativos a la modalidad.<\/li><\/ul>\n\n\n\n<div style=\"height:100px\" aria-hidden=\"true\" class=\"wp-block-spacer\"><\/div>\n\n\n\n<div class=\"wp-block-columns is-layout-flex wp-container-3 wp-block-columns-is-layout-flex\">\n<div class=\"wp-block-column is-layout-flow wp-block-column-is-layout-flow\">\n<div class=\"wp-block-image is-style-rounded\"><figure class=\"aligncenter size-large is-resized\"><img decoding=\"async\" loading=\"lazy\" src=\"https:\/\/virtual.unne.edu.ar\/SIED-UV\/wp-content\/uploads\/2022\/11\/graciela-para-aula-753x1024.png\" alt=\"\" class=\"wp-image-1012\" width=\"181\" height=\"247\" srcset=\"https:\/\/virtual.unne.edu.ar\/SIED-UV\/wp-content\/uploads\/2022\/11\/graciela-para-aula-753x1024.png 753w, https:\/\/virtual.unne.edu.ar\/SIED-UV\/wp-content\/uploads\/2022\/11\/graciela-para-aula-221x300.png 221w, https:\/\/virtual.unne.edu.ar\/SIED-UV\/wp-content\/uploads\/2022\/11\/graciela-para-aula-768x1044.png 768w, https:\/\/virtual.unne.edu.ar\/SIED-UV\/wp-content\/uploads\/2022\/11\/graciela-para-aula.png 800w\" sizes=\"(max-width: 181px) 100vw, 181px\" \/><\/figure><\/div>\n\n\n\n<p class=\"has-text-align-center has-text-color\" style=\"color:#0b686f\"><strong> MG. Mar\u00eda Graciela Fern\u00e1ndez <\/strong><\/p>\n\n\n\n<p class=\"has-text-align-center\"><strong><em>  Directora Ejecutiva UNNE-Virtual   <\/em><\/strong><\/p>\n\n\n\n<p class=\"has-text-align-center\"><strong><em>AC\/ SIED UNNE <\/em><\/strong><\/p>\n<\/div>\n\n\n\n<div class=\"wp-block-column is-layout-flow wp-block-column-is-layout-flow\">\n<div class=\"wp-block-image is-style-rounded\"><figure class=\"aligncenter size-full is-resized\"><img decoding=\"async\" loading=\"lazy\" src=\"https:\/\/virtual.unne.edu.ar\/SIED-UV\/wp-content\/uploads\/2022\/11\/equipo_Mesa-de-trabajo-1-10.jpg\" alt=\"\" class=\"wp-image-1095\" width=\"175\" height=\"249\" srcset=\"https:\/\/virtual.unne.edu.ar\/SIED-UV\/wp-content\/uploads\/2022\/11\/equipo_Mesa-de-trabajo-1-10.jpg 254w, https:\/\/virtual.unne.edu.ar\/SIED-UV\/wp-content\/uploads\/2022\/11\/equipo_Mesa-de-trabajo-1-10-210x300.jpg 210w\" sizes=\"(max-width: 175px) 100vw, 175px\" \/><\/figure><\/div>\n\n\n\n<p class=\"has-text-align-center has-text-color\" style=\"color:#0b686f\"><strong> Esp. Alicia Raquel Bressan<\/strong><\/p>\n\n\n\n<p class=\"has-text-align-center\"><strong>Directora Administrativa UNNE-Virtual  <\/strong><\/p>\n<\/div>\n<\/div>\n\n\n\n<div style=\"height:43px\" aria-hidden=\"true\" class=\"wp-block-spacer\"><\/div>\n\n\n\n<h3 class=\"has-text-align-left has-text-color wp-block-heading\" style=\"color:#055c65\">\u00c1rea Administrativa <\/h3>\n\n\n\n<p class=\"has-text-align-center has-text-color\" style=\"color:#0b686f\"><strong>  Mar\u00eda Graciela Fern\u00e1ndez <\/strong><\/p>\n\n\n\n<p class=\"has-text-align-center\"><\/p>\n\n\n\n<div style=\"height:43px\" aria-hidden=\"true\" class=\"wp-block-spacer\"><\/div>\n\n\n\n<h3 class=\"has-text-color wp-block-heading\" style=\"color:#055c65\">\u00c1rea Gesti\u00f3n Plataforma Virtual <\/h3>\n\n\n\n<div style=\"height:23px\" aria-hidden=\"true\" class=\"wp-block-spacer\"><\/div>\n\n\n\n<div class=\"wp-block-columns is-layout-flex wp-container-7 wp-block-columns-is-layout-flex\">\n<div class=\"wp-block-column is-layout-flow wp-block-column-is-layout-flow\">\n<div class=\"wp-block-image is-style-rounded\"><figure class=\"aligncenter size-full is-resized\"><img decoding=\"async\" loading=\"lazy\" src=\"https:\/\/virtual.unne.edu.ar\/SIED-UV\/wp-content\/uploads\/2022\/11\/Sin-titulo-1_Mesa-de-trabajo-1-07.jpg\" alt=\"\" class=\"wp-image-1071\" width=\"172\" height=\"245\" srcset=\"https:\/\/virtual.unne.edu.ar\/SIED-UV\/wp-content\/uploads\/2022\/11\/Sin-titulo-1_Mesa-de-trabajo-1-07.jpg 254w, https:\/\/virtual.unne.edu.ar\/SIED-UV\/wp-content\/uploads\/2022\/11\/Sin-titulo-1_Mesa-de-trabajo-1-07-210x300.jpg 210w\" sizes=\"(max-width: 172px) 100vw, 172px\" \/><\/figure><\/div>\n\n\n\n<p class=\"has-text-align-center has-text-color\" style=\"color:#0b686f\"><strong>Esp. Andrea Itat\u00ed Brites <\/strong><\/p>\n<\/div>\n\n\n\n<div class=\"wp-block-column is-layout-flow wp-block-column-is-layout-flow\">\n<div class=\"wp-block-image is-style-rounded\"><figure class=\"aligncenter size-full is-resized\"><img decoding=\"async\" loading=\"lazy\" src=\"https:\/\/virtual.unne.edu.ar\/SIED-UV\/wp-content\/uploads\/2022\/11\/Sin-titulo-1_Mesa-de-trabajo-1-06.jpg\" alt=\"\" class=\"wp-image-1077\" width=\"175\" height=\"249\" srcset=\"https:\/\/virtual.unne.edu.ar\/SIED-UV\/wp-content\/uploads\/2022\/11\/Sin-titulo-1_Mesa-de-trabajo-1-06.jpg 254w, https:\/\/virtual.unne.edu.ar\/SIED-UV\/wp-content\/uploads\/2022\/11\/Sin-titulo-1_Mesa-de-trabajo-1-06-210x300.jpg 210w\" sizes=\"(max-width: 175px) 100vw, 175px\" \/><\/figure><\/div>\n\n\n\n<p class=\"has-text-align-center has-text-color\" style=\"color:#0b686f\"><strong> MG Mar\u00eda Lorena Guastavino<\/strong><\/p>\n<\/div>\n\n\n\n<div class=\"wp-block-column is-layout-flow wp-block-column-is-layout-flow\">\n<div class=\"wp-block-image is-style-rounded\"><figure class=\"aligncenter size-full is-resized\"><img decoding=\"async\" loading=\"lazy\" src=\"https:\/\/virtual.unne.edu.ar\/SIED-UV\/wp-content\/uploads\/2022\/11\/equipo_Mesa-de-trabajo-1-09.jpg\" alt=\"\" class=\"wp-image-1093\" width=\"170\" height=\"242\" srcset=\"https:\/\/virtual.unne.edu.ar\/SIED-UV\/wp-content\/uploads\/2022\/11\/equipo_Mesa-de-trabajo-1-09.jpg 254w, https:\/\/virtual.unne.edu.ar\/SIED-UV\/wp-content\/uploads\/2022\/11\/equipo_Mesa-de-trabajo-1-09-210x300.jpg 210w\" sizes=\"(max-width: 170px) 100vw, 170px\" \/><\/figure><\/div>\n\n\n\n<p class=\"has-text-align-center has-text-color\" style=\"color:#0b686f\"><strong> Esp. Mar\u00eda Isabel Sanchez<\/strong><\/p>\n<\/div>\n<\/div>\n\n\n\n<div style=\"height:43px\" aria-hidden=\"true\" class=\"wp-block-spacer\"><\/div>\n\n\n\n<h3 class=\"has-text-color wp-block-heading\" style=\"color:#055c65\">\u00c1rea Capacitaci\u00f3n y Comunicaci\u00f3n<\/h3>\n\n\n\n<div style=\"height:23px\" aria-hidden=\"true\" class=\"wp-block-spacer\"><\/div>\n\n\n\n<div class=\"wp-block-columns is-layout-flex wp-container-12 wp-block-columns-is-layout-flex\">\n<div class=\"wp-block-column is-layout-flow wp-block-column-is-layout-flow\">\n<div class=\"wp-block-image is-style-rounded\"><figure class=\"aligncenter size-full is-resized\"><img decoding=\"async\" loading=\"lazy\" src=\"https:\/\/virtual.unne.edu.ar\/SIED-UV\/wp-content\/uploads\/2022\/11\/Sin-titulo-1_Mesa-de-trabajo-1-03.jpg\" alt=\"\" class=\"wp-image-1074\" width=\"166\" height=\"236\" srcset=\"https:\/\/virtual.unne.edu.ar\/SIED-UV\/wp-content\/uploads\/2022\/11\/Sin-titulo-1_Mesa-de-trabajo-1-03.jpg 254w, https:\/\/virtual.unne.edu.ar\/SIED-UV\/wp-content\/uploads\/2022\/11\/Sin-titulo-1_Mesa-de-trabajo-1-03-210x300.jpg 210w\" sizes=\"(max-width: 166px) 100vw, 166px\" \/><\/figure><\/div>\n\n\n\n<p class=\"has-text-align-center has-text-color\" style=\"color:#0b686f\"><strong>Esp. Johanna Cochia<\/strong><\/p>\n<\/div>\n\n\n\n<div class=\"wp-block-column is-layout-flow wp-block-column-is-layout-flow\">\n<div class=\"wp-block-image is-style-rounded\"><figure class=\"aligncenter size-full is-resized\"><img decoding=\"async\" loading=\"lazy\" src=\"https:\/\/virtual.unne.edu.ar\/SIED-UV\/wp-content\/uploads\/2022\/11\/Sin-titulo-1_Mesa-de-trabajo-1-04.jpg\" alt=\"\" class=\"wp-image-1075\" width=\"166\" height=\"237\" srcset=\"https:\/\/virtual.unne.edu.ar\/SIED-UV\/wp-content\/uploads\/2022\/11\/Sin-titulo-1_Mesa-de-trabajo-1-04.jpg 254w, https:\/\/virtual.unne.edu.ar\/SIED-UV\/wp-content\/uploads\/2022\/11\/Sin-titulo-1_Mesa-de-trabajo-1-04-210x300.jpg 210w\" sizes=\"(max-width: 166px) 100vw, 166px\" \/><\/figure><\/div>\n\n\n\n<p class=\"has-text-align-center has-text-color\" style=\"color:#0b686f\"><strong>Esp. Fanny Aguirre<\/strong><\/p>\n<\/div>\n\n\n\n<div class=\"wp-block-column is-layout-flow wp-block-column-is-layout-flow\">\n<div class=\"wp-block-image is-style-rounded\"><figure class=\"aligncenter size-full is-resized\"><img decoding=\"async\" loading=\"lazy\" src=\"https:\/\/virtual.unne.edu.ar\/SIED-UV\/wp-content\/uploads\/2022\/11\/Sin-titulo-1_Mesa-de-trabajo-1-02.jpg\" alt=\"\" class=\"wp-image-1073\" width=\"166\" height=\"237\" srcset=\"https:\/\/virtual.unne.edu.ar\/SIED-UV\/wp-content\/uploads\/2022\/11\/Sin-titulo-1_Mesa-de-trabajo-1-02.jpg 254w, https:\/\/virtual.unne.edu.ar\/SIED-UV\/wp-content\/uploads\/2022\/11\/Sin-titulo-1_Mesa-de-trabajo-1-02-210x300.jpg 210w\" sizes=\"(max-width: 166px) 100vw, 166px\" \/><\/figure><\/div>\n\n\n\n<p class=\"has-text-align-center has-text-color\" style=\"color:#0b686f\"><strong>Esp. Olga Musimessi<\/strong><\/p>\n<\/div>\n\n\n\n<div class=\"wp-block-column is-layout-flow wp-block-column-is-layout-flow\">\n<div class=\"wp-block-image is-style-rounded\"><figure class=\"aligncenter size-full is-resized\"><img decoding=\"async\" loading=\"lazy\" src=\"https:\/\/virtual.unne.edu.ar\/SIED-UV\/wp-content\/uploads\/2022\/11\/Sin-titulo-1_Mesa-de-trabajo-1-01.jpg\" alt=\"\" class=\"wp-image-1072\" width=\"164\" height=\"233\" srcset=\"https:\/\/virtual.unne.edu.ar\/SIED-UV\/wp-content\/uploads\/2022\/11\/Sin-titulo-1_Mesa-de-trabajo-1-01.jpg 254w, https:\/\/virtual.unne.edu.ar\/SIED-UV\/wp-content\/uploads\/2022\/11\/Sin-titulo-1_Mesa-de-trabajo-1-01-210x300.jpg 210w\" sizes=\"(max-width: 164px) 100vw, 164px\" \/><\/figure><\/div>\n\n\n\n<p class=\"has-text-align-center has-text-color\" style=\"color:#0b686f\"><strong>Esp. Nancy Leyes<\/strong><\/p>\n<\/div>\n<\/div>\n\n\n\n<div style=\"height:54px\" aria-hidden=\"true\" class=\"wp-block-spacer\"><\/div>\n\n\n\n<h3 class=\"has-text-align-left has-text-color wp-block-heading\" style=\"color:#055c65\">\u00c1rea Dise\u00f1o de ambientes virtuales y recursos did\u00e1cticos<\/h3>\n\n\n\n<div style=\"height:23px\" aria-hidden=\"true\" class=\"wp-block-spacer\"><\/div>\n\n\n\n<div class=\"wp-block-columns is-layout-flex wp-container-15 wp-block-columns-is-layout-flex\">\n<div class=\"wp-block-column is-layout-flow wp-block-column-is-layout-flow\">\n<div class=\"wp-block-image is-style-rounded\"><figure class=\"aligncenter size-full is-resized\"><img decoding=\"async\" loading=\"lazy\" src=\"https:\/\/virtual.unne.edu.ar\/SIED-UV\/wp-content\/uploads\/2022\/11\/Sin-titulo-1_Mesa-de-trabajo-1-08.jpg\" alt=\"\" class=\"wp-image-1079\" width=\"170\" height=\"242\" srcset=\"https:\/\/virtual.unne.edu.ar\/SIED-UV\/wp-content\/uploads\/2022\/11\/Sin-titulo-1_Mesa-de-trabajo-1-08.jpg 254w, https:\/\/virtual.unne.edu.ar\/SIED-UV\/wp-content\/uploads\/2022\/11\/Sin-titulo-1_Mesa-de-trabajo-1-08-210x300.jpg 210w\" sizes=\"(max-width: 170px) 100vw, 170px\" \/><\/figure><\/div>\n\n\n\n<p class=\"has-text-align-center has-text-color\" style=\"color:#0b686f\"><strong> MG Luciana Ramirez Far\u00edas <\/strong><\/p>\n\n\n\n<p class=\"has-text-align-center\"><\/p>\n<\/div>\n\n\n\n<div class=\"wp-block-column is-layout-flow wp-block-column-is-layout-flow\">\n<div class=\"wp-block-image is-style-rounded\"><figure class=\"aligncenter size-full is-resized\"><img decoding=\"async\" loading=\"lazy\" src=\"https:\/\/virtual.unne.edu.ar\/SIED-UV\/wp-content\/uploads\/2022\/11\/Sin-titulo-1_Mesa-de-trabajo-1-05.jpg\" alt=\"\" class=\"wp-image-1076\" width=\"174\" height=\"248\" srcset=\"https:\/\/virtual.unne.edu.ar\/SIED-UV\/wp-content\/uploads\/2022\/11\/Sin-titulo-1_Mesa-de-trabajo-1-05.jpg 254w, https:\/\/virtual.unne.edu.ar\/SIED-UV\/wp-content\/uploads\/2022\/11\/Sin-titulo-1_Mesa-de-trabajo-1-05-210x300.jpg 210w\" sizes=\"(max-width: 174px) 100vw, 174px\" \/><\/figure><\/div>\n\n\n\n<p class=\"has-text-align-center has-text-color\" style=\"color:#0b686f\"><strong>DG Ileana Mar\u00eda de Leon<\/strong><\/p>\n\n\n\n<p class=\"has-text-align-center\"><\/p>\n<\/div>\n<\/div>\n\n\n\n<p><\/p>\n","protected":false},"excerpt":{"rendered":"<p>El Programa UNNE-Virtual cuenta con un equipo t\u00e9cnico-pedag\u00f3gico multidisciplinar conformado por especialistas en pedagog\u00eda, dise\u00f1o gr\u00e1fico, medios audiovisuales y sistemas de informaci\u00f3n. Sus principales funciones son: Mantener actualizado un modelo pedag\u00f3gico, de gesti\u00f3n y tecnol\u00f3gico, como marco conceptual y procedimental para el desarrollo de propuestas bajo esta modalidad. Operativizar y ejecutar las l\u00edneas de acci\u00f3n [&hellip;]<\/p>\n","protected":false},"author":1,"featured_media":0,"parent":67,"menu_order":0,"comment_status":"closed","ping_status":"closed","template":"","meta":{"footnotes":""},"acf":[],"_links":{"self":[{"href":"https:\/\/virtual.unne.edu.ar\/SIED-UV\/wp-json\/wp\/v2\/pages\/36"}],"collection":[{"href":"https:\/\/virtual.unne.edu.ar\/SIED-UV\/wp-json\/wp\/v2\/pages"}],"about":[{"href":"https:\/\/virtual.unne.edu.ar\/SIED-UV\/wp-json\/wp\/v2\/types\/page"}],"author":[{"embeddable":true,"href":"https:\/\/virtual.unne.edu.ar\/SIED-UV\/wp-json\/wp\/v2\/users\/1"}],"replies":[{"embeddable":true,"href":"https:\/\/virtual.unne.edu.ar\/SIED-UV\/wp-json\/wp\/v2\/comments?post=36"}],"version-history":[{"count":22,"href":"https:\/\/virtual.unne.edu.ar\/SIED-UV\/wp-json\/wp\/v2\/pages\/36\/revisions"}],"predecessor-version":[{"id":2587,"href":"https:\/\/virtual.unne.edu.ar\/SIED-UV\/wp-json\/wp\/v2\/pages\/36\/revisions\/2587"}],"up":[{"embeddable":true,"href":"https:\/\/virtual.unne.edu.ar\/SIED-UV\/wp-json\/wp\/v2\/pages\/67"}],"wp:attachment":[{"href":"https:\/\/virtual.unne.edu.ar\/SIED-UV\/wp-json\/wp\/v2\/media?parent=36"}],"curies":[{"name":"wp","href":"https:\/\/api.w.org\/{rel}","templated":true}]}}