{"id":3928,"date":"2025-11-19T11:09:09","date_gmt":"2025-11-19T14:09:09","guid":{"rendered":"https:\/\/virtual.unne.edu.ar\/SIED-UV\/?page_id=3928"},"modified":"2025-11-20T13:28:52","modified_gmt":"2025-11-20T16:28:52","slug":"unne-global","status":"publish","type":"page","link":"https:\/\/virtual.unne.edu.ar\/SIED-UV\/sied\/programas\/unne-global\/","title":{"rendered":"UNNE Global"},"content":{"rendered":"\n<figure class=\"wp-block-image size-large\"><img decoding=\"async\" loading=\"lazy\" width=\"1024\" height=\"434\" src=\"https:\/\/virtual.unne.edu.ar\/SIED-UV\/wp-content\/uploads\/2025\/11\/UNNE-Global-4-1024x434.jpg\" alt=\"\" class=\"wp-image-3940\" srcset=\"https:\/\/virtual.unne.edu.ar\/SIED-UV\/wp-content\/uploads\/2025\/11\/UNNE-Global-4-1024x434.jpg 1024w, https:\/\/virtual.unne.edu.ar\/SIED-UV\/wp-content\/uploads\/2025\/11\/UNNE-Global-4-300x127.jpg 300w, https:\/\/virtual.unne.edu.ar\/SIED-UV\/wp-content\/uploads\/2025\/11\/UNNE-Global-4-768x325.jpg 768w, https:\/\/virtual.unne.edu.ar\/SIED-UV\/wp-content\/uploads\/2025\/11\/UNNE-Global-4.jpg 1414w\" sizes=\"(max-width: 1024px) 100vw, 1024px\" \/><\/figure>\n\n\n\n<p>Un sistema educativo que brinda cursos abiertos, masivos y en l\u00ednea. Dise\u00f1ado para ofrecer experiencias de aprendizaje accesibles y de calidad. UNNE Global permite a instituciones, docentes y organizaciones,<br>implementar sus propuestas formativas ante una audiencia global.<\/p>\n\n\n\n<p>.<\/p>\n\n\n\n<figure class=\"wp-block-image size-full is-resized\"><img decoding=\"async\" loading=\"lazy\" width=\"895\" height=\"567\" src=\"https:\/\/virtual.unne.edu.ar\/SIED-UV\/wp-content\/uploads\/2025\/11\/UNNE-Global-.jpg\" alt=\"\" class=\"wp-image-3932\" style=\"aspect-ratio:1.5784832451499118;width:531px;height:auto\" srcset=\"https:\/\/virtual.unne.edu.ar\/SIED-UV\/wp-content\/uploads\/2025\/11\/UNNE-Global-.jpg 895w, https:\/\/virtual.unne.edu.ar\/SIED-UV\/wp-content\/uploads\/2025\/11\/UNNE-Global--300x190.jpg 300w, https:\/\/virtual.unne.edu.ar\/SIED-UV\/wp-content\/uploads\/2025\/11\/UNNE-Global--768x487.jpg 768w\" sizes=\"(max-width: 895px) 100vw, 895px\" \/><\/figure>\n\n\n\n<p>Los principales objetivos son:<\/p>\n\n\n\n<p><strong>Expansi\u00f3n<\/strong> <strong>Formaci\u00f3n<\/strong><br>Llevar la formaci\u00f3n universitaria a nuevos p\u00fablicos, conectando el conocimiento con el mundo<br><strong>Formaci\u00f3n<\/strong><br>Ofrecer oportunidades de capacitaci\u00f3n permanente en distintas \u00e1reas del saber.<br><strong>Accesibilidad<\/strong><br>Garantizar el acceso libre y gratuito a los cursos, con certificaci\u00f3n opcional y reconocimiento institucional<\/p>\n\n\n\n<div class=\"wp-block-group is-layout-constrained wp-block-group-is-layout-constrained\"><div class=\"wp-block-group__inner-container\">\n<details class=\"wp-block-details has-negro-color has-text-color has-background\" style=\"background-color:#27b3b661;font-size:20px;font-style:normal;font-weight:700\"><summary>  ALCANCE E IMPACTO<\/summary>\n<div class=\"wp-block-columns has-background is-layout-flex wp-container-3 wp-block-columns-is-layout-flex\" style=\"background-color:#fffffe\">\n<div class=\"wp-block-column is-layout-flow wp-block-column-is-layout-flow\" style=\"flex-basis:20%\">\n<p class=\"has-text-align-right\">CRECIMIENTO<\/p>\n<\/div>\n\n\n\n<div class=\"wp-block-column has-verde-002832-color has-text-color is-layout-flow wp-block-column-is-layout-flow\" style=\"font-size:16px;font-style:normal;font-weight:400;flex-basis:80%\">\n<p>Desde el primer curso desarrollado por la Facultad de Medicina, la Asociaci\u00f3n Argentina de Diabetes y la World Diabetes Association, titulado \u201cDiabetes gestacional\u201d, implementado en Noviembre de 2022, el apoyo de la comunidad no solo universitaria sino tambi\u00e9n de diversos actores sociales, ha permitido un crecimiento constante en n\u00famero de usuarios que se suman a las capacitaciones y expandido el alcance de los cursos a variadas regiones internacionales.&nbsp;<\/p>\n\n\n\n<figure class=\"wp-block-image size-large\"><img decoding=\"async\" loading=\"lazy\" width=\"1024\" height=\"502\" src=\"https:\/\/virtual.unne.edu.ar\/SIED-UV\/wp-content\/uploads\/2025\/11\/UNNE-Global-mundo1-1024x502.jpg\" alt=\"\" class=\"wp-image-3933\" srcset=\"https:\/\/virtual.unne.edu.ar\/SIED-UV\/wp-content\/uploads\/2025\/11\/UNNE-Global-mundo1-1024x502.jpg 1024w, https:\/\/virtual.unne.edu.ar\/SIED-UV\/wp-content\/uploads\/2025\/11\/UNNE-Global-mundo1-300x147.jpg 300w, https:\/\/virtual.unne.edu.ar\/SIED-UV\/wp-content\/uploads\/2025\/11\/UNNE-Global-mundo1-768x377.jpg 768w, https:\/\/virtual.unne.edu.ar\/SIED-UV\/wp-content\/uploads\/2025\/11\/UNNE-Global-mundo1.jpg 1201w\" sizes=\"(max-width: 1024px) 100vw, 1024px\" \/><figcaption class=\"wp-element-caption\">UNNE Global  &#8211; 3<\/figcaption><\/figure>\n<\/div>\n<\/div>\n<\/details>\n<\/div><\/div>\n\n\n\n<p><\/p>\n\n\n\n<details class=\"wp-block-details has-negro-color has-text-color has-background\" style=\"background-color:#27b3b661;font-size:20px;font-style:normal;font-weight:700\"><summary>  EVOLUCI\u00d3N Y DESARROLLO<\/summary>\n<div class=\"wp-block-columns has-background is-layout-flex wp-container-7 wp-block-columns-is-layout-flex\" style=\"background-color:#fffffe\">\n<div class=\"wp-block-column is-layout-flow wp-block-column-is-layout-flow\" style=\"flex-basis:20%\">\n<p class=\"has-text-align-right\">2022 -2025<\/p>\n<\/div>\n\n\n\n<div class=\"wp-block-column has-verde-002832-color has-text-color is-layout-flow wp-block-column-is-layout-flow\" style=\"font-size:16px;font-style:normal;font-weight:400;flex-basis:80%\">\n<p>Desde su creaci\u00f3n, UNNE Global avanza con un crecimiento sostenido:.<\/p>\n\n\n\n<figure class=\"wp-block-image size-large\"><img decoding=\"async\" loading=\"lazy\" width=\"1024\" height=\"418\" src=\"https:\/\/virtual.unne.edu.ar\/SIED-UV\/wp-content\/uploads\/2025\/11\/UNNE-Global-1-1024x418.jpg\" alt=\"\" class=\"wp-image-3934\" srcset=\"https:\/\/virtual.unne.edu.ar\/SIED-UV\/wp-content\/uploads\/2025\/11\/UNNE-Global-1-1024x418.jpg 1024w, https:\/\/virtual.unne.edu.ar\/SIED-UV\/wp-content\/uploads\/2025\/11\/UNNE-Global-1-300x122.jpg 300w, https:\/\/virtual.unne.edu.ar\/SIED-UV\/wp-content\/uploads\/2025\/11\/UNNE-Global-1-768x313.jpg 768w, https:\/\/virtual.unne.edu.ar\/SIED-UV\/wp-content\/uploads\/2025\/11\/UNNE-Global-1.jpg 1414w\" sizes=\"(max-width: 1024px) 100vw, 1024px\" \/><figcaption class=\"wp-element-caption\">UNNE Global  &#8211; 3<\/figcaption><\/figure>\n<\/div>\n<\/div>\n\n\n\n<p><\/p>\n<\/details>\n\n\n\n<p><\/p>\n\n\n\n<details class=\"wp-block-details has-negro-color has-text-color has-background\" style=\"background-color:#27b3b661;font-size:20px;font-style:normal;font-weight:700\"><summary>  ALIANZAS Y COLABORACIONES<\/summary>\n<div class=\"wp-block-columns has-background is-layout-flex wp-container-10 wp-block-columns-is-layout-flex\" style=\"background-color:#fffffe\">\n<div class=\"wp-block-column is-layout-flow wp-block-column-is-layout-flow\" style=\"flex-basis:20%\">\n<p class=\"has-text-align-right\">Instituciones | Organismos | Universidades |<\/p>\n<\/div>\n\n\n\n<div class=\"wp-block-column has-verde-002832-color has-text-color is-layout-flow wp-block-column-is-layout-flow\" style=\"font-size:16px;font-style:normal;font-weight:400;flex-basis:80%\">\n<p>Trabajamos junto a facultades, organismos p\u00fablicos, instituciones<br>internacionales y empresas comprometidas con la formaci\u00f3n abierta.<br>UNNE Global invita a nuevos socios estrat\u00e9gicos a sumarse con nuevas<br>propuestas formativas.<\/p>\n\n\n\n<figure class=\"wp-block-image size-large\"><img decoding=\"async\" loading=\"lazy\" width=\"1024\" height=\"485\" src=\"https:\/\/virtual.unne.edu.ar\/SIED-UV\/wp-content\/uploads\/2025\/11\/UNNE-Global-2-1024x485.jpg\" alt=\"\" class=\"wp-image-3936\" srcset=\"https:\/\/virtual.unne.edu.ar\/SIED-UV\/wp-content\/uploads\/2025\/11\/UNNE-Global-2-1024x485.jpg 1024w, https:\/\/virtual.unne.edu.ar\/SIED-UV\/wp-content\/uploads\/2025\/11\/UNNE-Global-2-300x142.jpg 300w, https:\/\/virtual.unne.edu.ar\/SIED-UV\/wp-content\/uploads\/2025\/11\/UNNE-Global-2-768x364.jpg 768w, https:\/\/virtual.unne.edu.ar\/SIED-UV\/wp-content\/uploads\/2025\/11\/UNNE-Global-2.jpg 1414w\" sizes=\"(max-width: 1024px) 100vw, 1024px\" \/><figcaption class=\"wp-element-caption\">UNNE Global  &#8211; 5<\/figcaption><\/figure>\n<\/div>\n<\/div>\n\n\n\n<p><\/p>\n<\/details>\n\n\n\n<p><\/p>\n\n\n\n<p><strong>\u00bfTe interesa realizar uno de nuestros cursos?&nbsp;<\/strong><\/p>\n\n\n\n<p>Ingresa ac\u00e1 y enterate de todos los cursos disponibles, inscribite y empez\u00e1 ahora mismo a capacitarte.<\/p>\n\n\n\n<div class=\"wp-block-columns is-layout-flex wp-container-13 wp-block-columns-is-layout-flex\">\n<div class=\"wp-block-column is-layout-flow wp-block-column-is-layout-flow\">\n<p class=\"has-text-align-right\">                                                               *Link al sitio:<\/p>\n<\/div>\n\n\n\n<div class=\"wp-block-column is-layout-flow wp-block-column-is-layout-flow\">\n<figure class=\"wp-block-image size-full is-resized\"><a href=\"https:\/\/virtual.unne.edu.ar\/SIED-UV\/uv\/cursos\/?categoria=unne-global\" target=\"_blank\" rel=\"noreferrer noopener\"><img decoding=\"async\" loading=\"lazy\" width=\"479\" height=\"551\" src=\"https:\/\/virtual.unne.edu.ar\/SIED-UV\/wp-content\/uploads\/2025\/11\/boton.png\" alt=\"\" class=\"wp-image-3953\" style=\"aspect-ratio:0.8693284936479129;width:103px;height:auto\" srcset=\"https:\/\/virtual.unne.edu.ar\/SIED-UV\/wp-content\/uploads\/2025\/11\/boton.png 479w, https:\/\/virtual.unne.edu.ar\/SIED-UV\/wp-content\/uploads\/2025\/11\/boton-261x300.png 261w\" sizes=\"(max-width: 479px) 100vw, 479px\" \/><\/a><\/figure>\n<\/div>\n<\/div>\n\n\n\n<p><strong>\u00bfC\u00f3mo desarrollar tu propio curso con nosotros?&nbsp;<\/strong><\/p>\n\n\n\n<p>Actualmente, nos encontramos trabajando con distintas instituciones y asociaciones regionales, nacionales e internacionales. Si tu instituci\u00f3n est\u00e1 interesada en desarrollar sus propios cursos de formaci\u00f3n en nuestra plataforma, pueden completar el siguiente formulario y nos pondremos en contacto con ustedes o escribirnos a nuestro correo: cursosmooc.uvgmail.com<\/p>\n\n\n\n<div class=\"wp-block-columns is-layout-flex wp-container-16 wp-block-columns-is-layout-flex\">\n<div class=\"wp-block-column is-layout-flow wp-block-column-is-layout-flow\">\n<p class=\"has-text-align-right\">&nbsp;*Link al formulario:<\/p>\n<\/div>\n\n\n\n<div class=\"wp-block-column is-layout-flow wp-block-column-is-layout-flow\">\n<figure class=\"wp-block-image size-large is-resized\"><a href=\"https:\/\/docs.google.com\/forms\/d\/e\/1FAIpQLScNluN_4wIdt105AZ9rsGd1YuImwX7XUZtJ3o3Mn9gm9n6NDA\/viewform\" target=\"_blank\" rel=\"noreferrer noopener\"><img decoding=\"async\" loading=\"lazy\" width=\"876\" height=\"1024\" src=\"https:\/\/virtual.unne.edu.ar\/SIED-UV\/wp-content\/uploads\/2025\/11\/formulario_icono-876x1024.png\" alt=\"\" class=\"wp-image-3959\" style=\"aspect-ratio:0.85546875;width:94px;height:auto\" srcset=\"https:\/\/virtual.unne.edu.ar\/SIED-UV\/wp-content\/uploads\/2025\/11\/formulario_icono-876x1024.png 876w, https:\/\/virtual.unne.edu.ar\/SIED-UV\/wp-content\/uploads\/2025\/11\/formulario_icono-256x300.png 256w, https:\/\/virtual.unne.edu.ar\/SIED-UV\/wp-content\/uploads\/2025\/11\/formulario_icono-768x898.png 768w, https:\/\/virtual.unne.edu.ar\/SIED-UV\/wp-content\/uploads\/2025\/11\/formulario_icono-1313x1536.png 1313w, https:\/\/virtual.unne.edu.ar\/SIED-UV\/wp-content\/uploads\/2025\/11\/formulario_icono.png 1527w\" sizes=\"(max-width: 876px) 100vw, 876px\" \/><\/a><\/figure>\n<\/div>\n<\/div>\n\n\n\n<p><\/p>\n\n\n\n<p><strong>CONTACTO<\/strong><\/p>\n\n\n\n<figure class=\"wp-block-image size-large is-resized\"><img decoding=\"async\" loading=\"lazy\" width=\"1024\" height=\"437\" src=\"https:\/\/virtual.unne.edu.ar\/SIED-UV\/wp-content\/uploads\/2025\/11\/UNNE-Global-3-1024x437.jpg\" alt=\"\" class=\"wp-image-3938\" style=\"aspect-ratio:2.34324942791762;width:612px;height:auto\" srcset=\"https:\/\/virtual.unne.edu.ar\/SIED-UV\/wp-content\/uploads\/2025\/11\/UNNE-Global-3-1024x437.jpg 1024w, https:\/\/virtual.unne.edu.ar\/SIED-UV\/wp-content\/uploads\/2025\/11\/UNNE-Global-3-300x128.jpg 300w, https:\/\/virtual.unne.edu.ar\/SIED-UV\/wp-content\/uploads\/2025\/11\/UNNE-Global-3-768x328.jpg 768w, https:\/\/virtual.unne.edu.ar\/SIED-UV\/wp-content\/uploads\/2025\/11\/UNNE-Global-3.jpg 1325w\" sizes=\"(max-width: 1024px) 100vw, 1024px\" \/><\/figure>\n","protected":false},"excerpt":{"rendered":"<p>Un sistema educativo que brinda cursos abiertos, masivos y en l\u00ednea. Dise\u00f1ado para ofrecer experiencias de aprendizaje accesibles y de calidad. UNNE Global permite a instituciones, docentes y organizaciones,implementar sus propuestas formativas ante una audiencia global. . Los principales objetivos son: Expansi\u00f3n Formaci\u00f3nLlevar la formaci\u00f3n universitaria a nuevos p\u00fablicos, conectando el conocimiento con el mundoFormaci\u00f3nOfrecer [&hellip;]<\/p>\n","protected":false},"author":3,"featured_media":0,"parent":2490,"menu_order":0,"comment_status":"closed","ping_status":"closed","template":"","meta":{"footnotes":""},"acf":[],"_links":{"self":[{"href":"https:\/\/virtual.unne.edu.ar\/SIED-UV\/wp-json\/wp\/v2\/pages\/3928"}],"collection":[{"href":"https:\/\/virtual.unne.edu.ar\/SIED-UV\/wp-json\/wp\/v2\/pages"}],"about":[{"href":"https:\/\/virtual.unne.edu.ar\/SIED-UV\/wp-json\/wp\/v2\/types\/page"}],"author":[{"embeddable":true,"href":"https:\/\/virtual.unne.edu.ar\/SIED-UV\/wp-json\/wp\/v2\/users\/3"}],"replies":[{"embeddable":true,"href":"https:\/\/virtual.unne.edu.ar\/SIED-UV\/wp-json\/wp\/v2\/comments?post=3928"}],"version-history":[{"count":21,"href":"https:\/\/virtual.unne.edu.ar\/SIED-UV\/wp-json\/wp\/v2\/pages\/3928\/revisions"}],"predecessor-version":[{"id":3961,"href":"https:\/\/virtual.unne.edu.ar\/SIED-UV\/wp-json\/wp\/v2\/pages\/3928\/revisions\/3961"}],"up":[{"embeddable":true,"href":"https:\/\/virtual.unne.edu.ar\/SIED-UV\/wp-json\/wp\/v2\/pages\/2490"}],"wp:attachment":[{"href":"https:\/\/virtual.unne.edu.ar\/SIED-UV\/wp-json\/wp\/v2\/media?parent=3928"}],"curies":[{"name":"wp","href":"https:\/\/api.w.org\/{rel}","templated":true}]}}