{"id":40,"date":"2021-10-05T08:09:58","date_gmt":"2021-10-05T11:09:58","guid":{"rendered":"http:\/\/sied.local\/?page_id=40"},"modified":"2023-02-01T12:37:35","modified_gmt":"2023-02-01T15:37:35","slug":"mesa-de-ayuda","status":"publish","type":"page","link":"https:\/\/virtual.unne.edu.ar\/SIED-UV\/uv\/unne-virtual\/mesa-de-ayuda\/","title":{"rendered":"Mesa de ayuda"},"content":{"rendered":"\n<hr class=\"wp-block-separator has-text-color has-background is-style-wide\" style=\"background-color:#b4b4b4;color:#b4b4b4\"\/>\n\n\n\n<div style=\"height:55px\" aria-hidden=\"true\" class=\"wp-block-spacer\"><\/div>\n\n\n\n<p>Por intermedio de la Mesa de Ayuda buscamos brindar respuestas a sus consultas tanto administrativas como inconvenientes surgidos como parte del proceso de ense\u00f1anza y aprendizaje en l\u00ednea.<\/p>\n\n\n\n<p>Este servicio est\u00e1 disponible para docentes y estudiantes.<\/p>\n\n\n\n<div style=\"height:55px\" aria-hidden=\"true\" class=\"wp-block-spacer\"><\/div>\n\n\n\n<p class=\"has-text-align-right has-text-color\" style=\"color:#a32800\"><em>Todas las consultas recibidas ser\u00e1n respondidas en un plazo no mayor a 24 horas h\u00e1biles, en funci\u00f3n al grado de complejidad.<\/em><\/p>\n\n\n\n<div style=\"height:55px\" aria-hidden=\"true\" class=\"wp-block-spacer\"><\/div>\n\n\n\n<h3 class=\"wp-block-heading\">Medios de contacto<\/h3>\n\n\n\n<hr class=\"wp-block-separator has-text-color has-background is-style-wide\" style=\"background-color:#b4b4b4;color:#b4b4b4\"\/>\n\n\n\n<p><strong>CONSULTA TELEF\u00d3NICA:<\/strong><\/p>\n\n\n\n<p class=\"has-text-align-center\"><strong>0800 444 UNNE (8663<\/strong>) |<em>&nbsp;Llamada gratuita desde tel\u00e9fonos fijos<\/em><\/p>\n\n\n\n<p class=\"has-text-align-center\">Horario de atenci\u00f3n: de lunes a viernes de 08 a 19 hs<\/p>\n\n\n\n<hr class=\"wp-block-separator has-text-color has-background is-style-wide\" style=\"background-color:#b4b4b4;color:#b4b4b4\"\/>\n\n\n\n<div style=\"height:26px\" aria-hidden=\"true\" class=\"wp-block-spacer\"><\/div>\n\n\n\n<p><strong>CORREO ELECTR\u00d3NICO<\/strong><\/p>\n\n\n\n<p class=\"has-text-align-center\">Escribir a&nbsp;<a href=\"mailto:mesa.ayuda_uv@comunidad.unne.edu.ar\"><strong>mesa.ayuda_uv@comunidad.unne.edu.ar<\/strong><\/a><\/p>\n\n\n\n<hr class=\"wp-block-separator has-text-color has-background is-style-wide\" style=\"background-color:#b4b4b4;color:#b4b4b4\"\/>\n\n\n\n<div style=\"height:26px\" aria-hidden=\"true\" class=\"wp-block-spacer\"><\/div>\n\n\n\n<p><a rel=\"noreferrer noopener\" href=\"http:\/\/virtual.unne.edu.ar\/mesa_ayuda.html\" target=\"_blank\"><\/a><strong>FORMULARIO DE CONSULTA:<\/strong><\/p>\n\n\n\n<div class=\"wp-block-buttons is-content-justification-center is-layout-flex wp-block-buttons-is-layout-flex\">\n<div class=\"wp-block-button is-style-fill\"><a class=\"wp-block-button__link has-text-color has-background\" href=\"https:\/\/virtual.unne.edu.ar\/2016\/mesa-ayuda\/mesa_ayuda.php\" style=\"background-color:#278090;color:#fffcfc\" target=\"_blank\" rel=\"noreferrer noopener\"><strong> Ingresar al formulario<\/strong><\/a><\/div>\n<\/div>\n\n\n\n<div style=\"height:26px\" aria-hidden=\"true\" class=\"wp-block-spacer\"><\/div>\n\n\n\n<hr class=\"wp-block-separator has-text-color has-background is-style-wide\" style=\"background-color:#b4b4b4;color:#b4b4b4\"\/>\n\n\n\n<div style=\"height:32px\" aria-hidden=\"true\" class=\"wp-block-spacer\"><\/div>\n\n\n\n<p class=\"has-text-color\" style=\"color:#006a6d;font-size:18px\"><strong>PERSONALMENTE:<\/strong><\/p>\n\n\n\n<div class=\"wp-block-columns is-layout-flex wp-container-4 wp-block-columns-is-layout-flex\">\n<div class=\"wp-block-column is-layout-flow wp-block-column-is-layout-flow\" style=\"flex-basis:33.33%\">\n<p class=\"has-text-align-right\"> <strong>SEDE CORRIENTES<\/strong> <\/p>\n<\/div>\n\n\n\n<div class=\"wp-block-column is-layout-flow wp-block-column-is-layout-flow\" style=\"flex-basis:66.66%\">\n<p>25 de Mayo 868 &#8211; Rectorado <\/p>\n\n\n\n<p>Primer piso.<\/p>\n\n\n\n<p><\/p>\n\n\n\n<iframe src=\"https:\/\/www.google.com\/maps\/embed?pb=!1m18!1m12!1m3!1d3540.1667792460294!2d-58.84176838454917!3d-27.464066682893314!2m3!1f0!2f0!3f0!3m2!1i1024!2i768!4f13.1!3m3!1m2!1s0x94456afd5b1d6bdd%3A0x7b31ce608d78d5b7!2sRectorado%20-%20Universidad%20Nacional%20del%20Nordeste!5e0!3m2!1ses-419!2sar!4v1675262137626!5m2!1ses-419!2sar\" width=\"500\" height=\"300\" style=\"border:0;\" allowfullscreen=\"\" loading=\"lazy\" referrerpolicy=\"no-referrer-when-downgrade\"><\/iframe>\n\n\n\n<hr class=\"wp-block-separator is-style-wide\"\/>\n\n\n\n<p><strong>Horario de Atenci\u00f3n:<\/strong> de lunes a viernes de 08 a 13hs.<\/p>\n<\/div>\n<\/div>\n\n\n\n<div style=\"height:40px\" aria-hidden=\"true\" class=\"wp-block-spacer\"><\/div>\n\n\n\n<hr class=\"wp-block-separator is-style-wide\"\/>\n\n\n\n<div style=\"height:33px\" aria-hidden=\"true\" class=\"wp-block-spacer\"><\/div>\n\n\n\n<div class=\"wp-block-columns is-layout-flex wp-container-7 wp-block-columns-is-layout-flex\">\n<div class=\"wp-block-column is-layout-flow wp-block-column-is-layout-flow\" style=\"flex-basis:33.33%\">\n<p class=\"has-text-align-right\"><strong>SEDE RESISTENCIA<\/strong><\/p>\n<\/div>\n\n\n\n<div class=\"wp-block-column is-layout-flow wp-block-column-is-layout-flow\" style=\"flex-basis:66.66%\">\n<p>Av. Las Heras 727 \u2013 Campus UNNE Resistencia<\/p>\n\n\n\n<p>Subsuelo de la Biblioteca Central \u00abProf. \u00cdtalo Juan Luis Mettini\u00bb <\/p>\n\n\n\n<iframe src=\"https:\/\/www.google.com\/maps\/embed?pb=!1m18!1m12!1m3!1d3540.19909315112!2d-58.98621278454918!3d-27.463060482893702!2m3!1f0!2f0!3f0!3m2!1i1024!2i768!4f13.1!3m3!1m2!1s0x94450cebe47b4993%3A0x5ebfb99c0f1652c1!2sBiblioteca%20Central%20UNNE%20-%20%22Prof.%20%C3%8Dtalo%20Juan%20Luis%20Mettini%22!5e0!3m2!1ses-419!2sar!4v1675261717651!5m2!1ses-419!2sar\" width=\"500\" height=\"300\" style=\"border:0;\" allowfullscreen=\"\" loading=\"lazy\" referrerpolicy=\"no-referrer-when-downgrade\"><\/iframe>\n\n\n\n<hr class=\"wp-block-separator is-style-wide\"\/>\n\n\n\n<p> <strong>Horario de Atenci\u00f3n:<\/strong> de lunes a viernes de 08 a 19 hs. <\/p>\n<\/div>\n<\/div>\n","protected":false},"excerpt":{"rendered":"<p>Por intermedio de la Mesa de Ayuda buscamos brindar respuestas a sus consultas tanto administrativas como inconvenientes surgidos como parte del proceso de ense\u00f1anza y aprendizaje en l\u00ednea. Este servicio est\u00e1 disponible para docentes y estudiantes. Todas las consultas recibidas ser\u00e1n respondidas en un plazo no mayor a 24 horas h\u00e1biles, en funci\u00f3n al grado [&hellip;]<\/p>\n","protected":false},"author":1,"featured_media":0,"parent":181,"menu_order":0,"comment_status":"closed","ping_status":"closed","template":"","meta":{"footnotes":""},"acf":[],"_links":{"self":[{"href":"https:\/\/virtual.unne.edu.ar\/SIED-UV\/wp-json\/wp\/v2\/pages\/40"}],"collection":[{"href":"https:\/\/virtual.unne.edu.ar\/SIED-UV\/wp-json\/wp\/v2\/pages"}],"about":[{"href":"https:\/\/virtual.unne.edu.ar\/SIED-UV\/wp-json\/wp\/v2\/types\/page"}],"author":[{"embeddable":true,"href":"https:\/\/virtual.unne.edu.ar\/SIED-UV\/wp-json\/wp\/v2\/users\/1"}],"replies":[{"embeddable":true,"href":"https:\/\/virtual.unne.edu.ar\/SIED-UV\/wp-json\/wp\/v2\/comments?post=40"}],"version-history":[{"count":23,"href":"https:\/\/virtual.unne.edu.ar\/SIED-UV\/wp-json\/wp\/v2\/pages\/40\/revisions"}],"predecessor-version":[{"id":1335,"href":"https:\/\/virtual.unne.edu.ar\/SIED-UV\/wp-json\/wp\/v2\/pages\/40\/revisions\/1335"}],"up":[{"embeddable":true,"href":"https:\/\/virtual.unne.edu.ar\/SIED-UV\/wp-json\/wp\/v2\/pages\/181"}],"wp:attachment":[{"href":"https:\/\/virtual.unne.edu.ar\/SIED-UV\/wp-json\/wp\/v2\/media?parent=40"}],"curies":[{"name":"wp","href":"https:\/\/api.w.org\/{rel}","templated":true}]}}