{"id":758,"date":"2022-06-14T11:51:33","date_gmt":"2022-06-14T14:51:33","guid":{"rendered":"https:\/\/virtual.unne.edu.ar\/SIED-UV\/?page_id=758"},"modified":"2026-02-27T09:41:55","modified_gmt":"2026-02-27T12:41:55","slug":"sidigav","status":"publish","type":"page","link":"https:\/\/virtual.unne.edu.ar\/SIED-UV\/uv\/institucional\/sidigav\/","title":{"rendered":"SiDiGAV &#8211; Sistema Digital de Gesti\u00f3n de Aulas virtuales"},"content":{"rendered":"\n<p>Con el objeto de ganar eficiencia y calidad gesti\u00f3n de Aulas Virtuales, presentamos el&nbsp;<strong>nuevo proceso de Solicitud de creaci\u00f3n de Aulas en nuestra plataforma.<\/strong><\/p>\n\n\n\n<p>Los pasos se han simplificado, siendo el proceso m\u00e1s simple para el docente que lo solicite y evitando adem\u00e1s las demoras administrativas.<\/p>\n\n\n\n<h2 class=\"wp-block-heading has-text-align-left has-text-color\" style=\"color:#a30012\">C\u00f3mo solicitar un aula <\/h2>\n\n\n\n<div class=\"wp-block-sied-items itemNumerado\"><div class=\"row\"><div class=\"col-1\"><div class=\"itemNumero\">1<\/div><\/div><div class=\"col-11\"><h2>Solicitud del docente.  <\/h2><p>Acceder al formulario en l\u00ednea para Solicitud de Aula Virtuales, rellenarlo y grabarlo. <br>Si desea guardar la informaci\u00f3n para resguardo o para enviarlo al representante de la CCEV, puede descargar el pdf. <br><br>Al completar el formulario, se asumir\u00e1 el mismo como <strong><em>aval del responsable&nbsp;<\/em><\/strong>de la Asignatura para la solicitud del aula virtual.<\/p><\/div><\/div><\/div>\n\n\n\n<div class=\"wp-block-columns is-layout-flex wp-container-5 wp-block-columns-is-layout-flex\">\n<div class=\"wp-block-column is-layout-flow wp-block-column-is-layout-flow\" style=\"flex-basis:20%\"><\/div>\n\n\n\n<div class=\"wp-block-column is-layout-flow wp-block-column-is-layout-flow\" style=\"flex-basis:60%\">\n<div class=\"wp-block-buttons is-layout-flex wp-block-buttons-is-layout-flex\">\n<div class=\"wp-block-button\"><a class=\"wp-block-button__link has-background wp-element-button\" href=\"https:\/\/virtual.unne.edu.ar\/SGUV\/aulas_virtuales\/form_aulas_virtuales_26.php\" style=\"background-color:#047780\">Ingresar al formulario de SOLICITUD DE AULAS VIRTUALES PARA 2026 <\/a><\/div>\n<\/div>\n<\/div>\n\n\n\n<div class=\"wp-block-column is-layout-flow wp-block-column-is-layout-flow\" style=\"flex-basis:20%\"><\/div>\n<\/div>\n\n\n\n<div style=\"height:36px\" aria-hidden=\"true\" class=\"wp-block-spacer\"><\/div>\n\n\n\n<div class=\"wp-block-sied-items itemNumerado\"><div class=\"row\"><div class=\"col-1\"><div class=\"itemNumero\">2<\/div><\/div><div class=\"col-11\"><h2>Aval de la Unidad Acad\u00e9mica.  <\/h2><p>Una vez cargado el formulario, el Secretario Acad\u00e9mico o el <strong><a href=\"https:\/\/virtual.unne.edu.ar\/SIED-UV\/sied\/funcionamiento\/ccev\/\">representante de la CCEV<\/a><\/strong> de la Unidad Acad\u00e9mica (seg\u00fan lo establezca la UA) avala la creaci\u00f3n del aula desde el SiDiGAV.<br><em>El docente ya no interviene en esta parte del proceso.<\/em><\/p><\/div><\/div><\/div>\n\n\n\n<div style=\"height:42px\" aria-hidden=\"true\" class=\"wp-block-spacer\"><\/div>\n\n\n\n<div class=\"wp-block-sied-items itemNumerado\"><div class=\"row\"><div class=\"col-1\"><div class=\"itemNumero\">2<\/div><\/div><div class=\"col-11\"><h2>Creaci\u00f3n de Aula. <\/h2><p><strong>a)<\/strong> El equipo UNNE virtual recibe el pedido por SiDiGAV y crea o duplica el aula seg\u00fan corresponda, con los requerimientos determinados en el formualrio cargado por el docente. <\/p><\/div><\/div><\/div>\n\n\n\n<div style=\"height:36px\" aria-hidden=\"true\" class=\"wp-block-spacer\"><\/div>\n\n\n\n<div class=\"wp-block-columns is-layout-flex wp-container-8 wp-block-columns-is-layout-flex\">\n<div class=\"wp-block-column is-layout-flow wp-block-column-is-layout-flow\" style=\"flex-basis:33.33%\"><\/div>\n\n\n\n<div class=\"wp-block-column is-layout-flow wp-block-column-is-layout-flow\" style=\"flex-basis:66.66%\">\n<p class=\"has-text-align-right has-text-color\" style=\"color:#a3000d\"><strong> <em>Si necesita asistencia, comun\u00edquese con el\/la&nbsp;<a href=\"https:\/\/virtual.unne.edu.ar\/SIED-UV\/sied\/funcionamiento\/ccev\/\">Representante&nbsp;de su Unidad Acad\u00e9mica <\/a>en la Comisi\u00f3n Central de Educaci\u00f3n Virtual.<\/em> <\/strong><\/p>\n<\/div>\n<\/div>\n\n\n\n<div class=\"wp-block-sied-llamador llamador\"><div class=\"row\"><div class=\"col-2\"><img class=\"image-fluid w-100\"\/><\/div><div class=\"col-10 vertical\">\n<p><a href=\"https:\/\/virtual.unne.edu.ar\/SIED-UV\/resoluciones\/RES-REC-4877-2017-SISTEMA-DIGITAL-DE-GESTION-DE-AULAS-VIRTUALES-EN-LA-PLATAFORMA-UNNE.pdf\" target=\"_blank\" rel=\"noreferrer noopener\"><strong><em>\u00bfQu\u00e9 es el SiDiGAV &#8211; Sistema Digital de Gesti\u00f3n de Aulas virtuales?<\/em><\/strong><\/a><\/p>\n\n\n\n<p><\/p>\n<\/div><\/div><\/div>\n\n\n\n<div class=\"wp-block-columns is-layout-flex wp-container-11 wp-block-columns-is-layout-flex\">\n<div class=\"wp-block-column is-layout-flow wp-block-column-is-layout-flow\">\n<div class=\"wp-block-buttons is-content-justification-center is-layout-flex wp-container-9 wp-block-buttons-is-layout-flex\">\n<div class=\"wp-block-button\"><a class=\"wp-block-button__link has-background wp-element-button\" href=\"https:\/\/virtual.unne.edu.ar\/2017\/sistema_uv\/registro.php\" style=\"background-color:#0094a3\" target=\"_blank\" rel=\"noreferrer noopener\">Acceso a la base de datos SiDiGAV (gestores)<\/a><\/div>\n<\/div>\n<\/div>\n<\/div>\n\n\n\n<div style=\"height:36px\" aria-hidden=\"true\" class=\"wp-block-spacer\"><\/div>\n\n\n\n<hr class=\"wp-block-separator has-css-opacity is-style-wide\"\/>\n\n\n\n<p><\/p>\n\n\n\n<p>Ya pueden solicitarse las aulas para el ciclo lectivo 2026, tanto nuevas como para renovaci\u00f3n.<br>Tener en cuenta que:<br>\ud83d\udc49<strong>Las aulas solicitadas hasta el 15 de diciembre de 2025 ser\u00e1n creadas antes del receso de vacaciones de verano.<\/strong><br>\ud83d\udc49Las aulas solicitadas luego de esa fecha ser\u00e1n creadas al regreso del receso (febrero 2026)<br>Para solicitar un aula para 2026, ingrese en el siguiente enlace:<\/p>\n\n\n\n<div style=\"height:47px\" aria-hidden=\"true\" class=\"wp-block-spacer\"><\/div>\n\n\n\n<div class=\"wp-block-columns is-layout-flex wp-container-16 wp-block-columns-is-layout-flex\">\n<div class=\"wp-block-column is-layout-flow wp-block-column-is-layout-flow\" style=\"flex-basis:20%\"><\/div>\n\n\n\n<div class=\"wp-block-column is-layout-flow wp-block-column-is-layout-flow\" style=\"flex-basis:60%\">\n<div class=\"wp-block-buttons is-layout-flex wp-block-buttons-is-layout-flex\">\n<div class=\"wp-block-button\"><a class=\"wp-block-button__link has-background wp-element-button\" href=\"https:\/\/virtual.unne.edu.ar\/SGUV\/aulas_virtuales\/form_aulas_virtuales_26.php\" style=\"background-color:#047780\">Ingresar al formulario de SOLICITUD DE AULAS VIRTUALES PARA 2026 <\/a><\/div>\n<\/div>\n<\/div>\n\n\n\n<div class=\"wp-block-column is-layout-flow wp-block-column-is-layout-flow\" style=\"flex-basis:20%\"><\/div>\n<\/div>\n\n\n\n<div class=\"wp-block-columns is-layout-flex wp-container-18 wp-block-columns-is-layout-flex\">\n<div class=\"wp-block-column is-layout-flow wp-block-column-is-layout-flow\"><\/div>\n<\/div>\n\n\n\n<div style=\"height:47px\" aria-hidden=\"true\" class=\"wp-block-spacer\"><\/div>\n\n\n\n<p><\/p>\n","protected":false},"excerpt":{"rendered":"<p>Con el objeto de ganar eficiencia y calidad gesti\u00f3n de Aulas Virtuales, presentamos el&nbsp;nuevo proceso de Solicitud de creaci\u00f3n de Aulas en nuestra plataforma. Los pasos se han simplificado, siendo el proceso m\u00e1s simple para el docente que lo solicite y evitando adem\u00e1s las demoras administrativas. C\u00f3mo solicitar un aula Si necesita asistencia, comun\u00edquese con [&hellip;]<\/p>\n","protected":false},"author":2,"featured_media":762,"parent":67,"menu_order":0,"comment_status":"closed","ping_status":"closed","template":"","meta":{"footnotes":""},"acf":[],"_links":{"self":[{"href":"https:\/\/virtual.unne.edu.ar\/SIED-UV\/wp-json\/wp\/v2\/pages\/758"}],"collection":[{"href":"https:\/\/virtual.unne.edu.ar\/SIED-UV\/wp-json\/wp\/v2\/pages"}],"about":[{"href":"https:\/\/virtual.unne.edu.ar\/SIED-UV\/wp-json\/wp\/v2\/types\/page"}],"author":[{"embeddable":true,"href":"https:\/\/virtual.unne.edu.ar\/SIED-UV\/wp-json\/wp\/v2\/users\/2"}],"replies":[{"embeddable":true,"href":"https:\/\/virtual.unne.edu.ar\/SIED-UV\/wp-json\/wp\/v2\/comments?post=758"}],"version-history":[{"count":23,"href":"https:\/\/virtual.unne.edu.ar\/SIED-UV\/wp-json\/wp\/v2\/pages\/758\/revisions"}],"predecessor-version":[{"id":4039,"href":"https:\/\/virtual.unne.edu.ar\/SIED-UV\/wp-json\/wp\/v2\/pages\/758\/revisions\/4039"}],"up":[{"embeddable":true,"href":"https:\/\/virtual.unne.edu.ar\/SIED-UV\/wp-json\/wp\/v2\/pages\/67"}],"wp:featuredmedia":[{"embeddable":true,"href":"https:\/\/virtual.unne.edu.ar\/SIED-UV\/wp-json\/wp\/v2\/media\/762"}],"wp:attachment":[{"href":"https:\/\/virtual.unne.edu.ar\/SIED-UV\/wp-json\/wp\/v2\/media?parent=758"}],"curies":[{"name":"wp","href":"https:\/\/api.w.org\/{rel}","templated":true}]}}