{"id":775,"date":"2022-06-15T11:38:49","date_gmt":"2022-06-15T14:38:49","guid":{"rendered":"https:\/\/virtual.unne.edu.ar\/SIED-UV\/?page_id=775"},"modified":"2024-03-13T13:00:13","modified_gmt":"2024-03-13T16:00:13","slug":"solicitar-una-plataforma-de-videoconferencia","status":"publish","type":"page","link":"https:\/\/virtual.unne.edu.ar\/SIED-UV\/uv\/solicitar\/solicitar-una-plataforma-de-videoconferencia\/","title":{"rendered":"Plataformas de videoconferencia"},"content":{"rendered":"\n<div style=\"height:45px\" aria-hidden=\"true\" class=\"wp-block-spacer\"><\/div>\n\n\n\n<p>La UNNE ofrece la posibilidad de trabajar con diferentes herramientas de videoconferencia para realizar clases virtuales sincr\u00f3nicas a trav\u00e9s de video, pudiendo interactuar con una o m\u00e1s personas en un ambiente \u201ccerrado\u201d.<\/p>\n\n\n\n<p>Normalmente estos grupos son reducidos, dadas estas caracter\u00edsticas de interacci\u00f3n, pero algunas herramientas permiten un n\u00famero considerable de usuarios conectados a la vez.<\/p>\n\n\n\n<p>La calidad de la imagen del video es baja para que no se produzca latencia en la transmisi\u00f3n en tiempo real, pero aun as\u00ed se puede ver claramente al interlocutor y la pantalla de la computadora para compartir informaci\u00f3n. Sin embargo, poder ver y escuchar en vivo depender\u00e1 no s\u00f3lo de la herramienta, sino tambi\u00e9n de la disponibilidad de hardware (c\u00e1mara, micr\u00f3fono y parlantes si se tiene una computadora, o un m\u00f3vil) y la calidad de la conexi\u00f3n a internet con la que cuenta cada usuario, tanto el que emite como el que recibe dichos datos.<\/p>\n\n\n\n<div style=\"height:28px\" aria-hidden=\"true\" class=\"wp-block-spacer\"><\/div>\n\n\n\n<p class=\"has-text-align-right\"><em>Mas all\u00e1 de las caracter\u00edsticas de cada herramienta, <strong>Ud. debe sentirse c\u00f3modo en el entorno<\/strong>.<\/em><\/p>\n\n\n\n<div style=\"height:28px\" aria-hidden=\"true\" class=\"wp-block-spacer\"><\/div>\n\n\n\n<div class=\"wp-block-columns is-layout-flex wp-container-3 wp-block-columns-is-layout-flex\">\n<div class=\"wp-block-column is-layout-flow wp-block-column-is-layout-flow\"><div class=\"wp-block-image\">\n<figure class=\"aligncenter size-large is-resized\"><img decoding=\"async\" loading=\"lazy\" width=\"1024\" height=\"576\" src=\"https:\/\/virtual.unne.edu.ar\/SIED-UV\/wp-content\/uploads\/2024\/03\/Zoom-Logo-1024x576.png\" alt=\"\" class=\"wp-image-2268\" style=\"object-fit:cover;width:160px;height:150px\" srcset=\"https:\/\/virtual.unne.edu.ar\/SIED-UV\/wp-content\/uploads\/2024\/03\/Zoom-Logo-1024x576.png 1024w, https:\/\/virtual.unne.edu.ar\/SIED-UV\/wp-content\/uploads\/2024\/03\/Zoom-Logo-300x169.png 300w, https:\/\/virtual.unne.edu.ar\/SIED-UV\/wp-content\/uploads\/2024\/03\/Zoom-Logo-768x432.png 768w, https:\/\/virtual.unne.edu.ar\/SIED-UV\/wp-content\/uploads\/2024\/03\/Zoom-Logo-1536x864.png 1536w, https:\/\/virtual.unne.edu.ar\/SIED-UV\/wp-content\/uploads\/2024\/03\/Zoom-Logo-2048x1152.png 2048w\" sizes=\"(max-width: 1024px) 100vw, 1024px\" \/><\/figure><\/div>\n\n\n<h4 class=\"wp-block-heading has-text-align-center\"><strong>ZOOM<\/strong><\/h4>\n\n\n\n<p>Las salas y reuniones son gestionadas por cada Unidad Acad\u00e9mica, Insituto o Dependencia. <\/p>\n\n\n\n<p><strong><em>Comun\u00edquese con el\/la\u00a0<a href=\"https:\/\/virtual.unne.edu.ar\/SIED-UV\/sied\/funcionamiento\/ccev\/\">Representante\u00a0de su Unidad Acad\u00e9mica <\/a>en la Comisi\u00f3n Central de Educaci\u00f3n Virtual, ser\u00e1 asesorado acerca de la modalidad de solicitud de aulas.<\/em><\/strong><\/p>\n<\/div>\n\n\n\n<div class=\"wp-block-column is-layout-flow wp-block-column-is-layout-flow\"><div class=\"wp-block-image is-resized\">\n<figure class=\"aligncenter size-full\"><img decoding=\"async\" loading=\"lazy\" width=\"225\" height=\"127\" src=\"https:\/\/virtual.unne.edu.ar\/SIED-UV\/wp-content\/uploads\/2022\/06\/MEET-R.png\" alt=\"\" class=\"wp-image-782\" style=\"aspect-ratio:1;object-fit:cover;width:150px\"\/><\/figure><\/div>\n\n\n<h4 class=\"wp-block-heading has-text-align-center\"><strong>GOOGLE MEET<\/strong><\/h4>\n\n\n\n<p>Las reuniones se gestionan desde la cuenta comunidad.unne.edu.ar, es decir que son autogestionadas por el equipo docente. <\/p>\n\n\n\n<p><strong><em>Para solicitar una cuenta comunidad.unne.edu.ar, cont\u00e1ctese con el referente TIC de su Unidad acad\u00e9mica o con el <a href=\"https:\/\/virtual.unne.edu.ar\/SIED-UV\/sied\/funcionamiento\/ccev\/\">Representante\u00a0de su Unidad Acad\u00e9mica <\/a>en la CCEV.<\/em><\/strong><\/p>\n\n\n\n<p> <\/p>\n<\/div>\n<\/div>\n\n\n\n<div style=\"height:28px\" aria-hidden=\"true\" class=\"wp-block-spacer\"><\/div>\n\n\n\n<p>A continuaci\u00f3n puede ver una comparativa de las caracter\u00edsticas que le pueden ser \u00fatiles para decidir cu\u00e1l de las herramientas usar.<\/p>\n\n\n\n<div style=\"height:28px\" aria-hidden=\"true\" class=\"wp-block-spacer\"><\/div>\n\n\n\n<figure class=\"wp-block-table is-style-stripes\"><table><thead><tr><th scope=\"col\"><\/th><th class=\"has-text-align-center\" data-align=\"center\" scope=\"col\">Meet<\/th><th class=\"has-text-align-center\" data-align=\"center\" scope=\"col\">Zoom <\/th><\/tr><\/thead><tbody><tr><td>Aplicaci\u00f3n web<\/td><td class=\"has-text-align-center\" data-align=\"center\">  <img decoding=\"async\" src=\"https:\/\/virtual.unne.edu.ar\/SIED-UV\/wp-content\/uploads\/2022\/06\/comprobado.png\" alt=\"si\" style=\"width: 15px;\">  <\/td><td class=\"has-text-align-center\" data-align=\"center\"> <img decoding=\"async\" src=\"https:\/\/virtual.unne.edu.ar\/SIED-UV\/wp-content\/uploads\/2022\/06\/comprobado.png\" alt=\"si\" style=\"width: 15px;\"> <\/td><\/tr><tr><td>Posibilidad de aplicaci\u00f3n de escritorio<\/td><td class=\"has-text-align-center\" data-align=\"center\">X<\/td><td class=\"has-text-align-center\" data-align=\"center\">  <img decoding=\"async\" style=\"width: 15px;\" src=\"https:\/\/virtual.unne.edu.ar\/SIED-UV\/wp-content\/uploads\/2022\/06\/comprobado.png\" alt=\"si\">  <\/td><\/tr><tr><td>Requiere aplicaci\u00f3n en m\u00f3vil<\/td><td class=\"has-text-align-center\" data-align=\"center\">X<\/td><td class=\"has-text-align-center\" data-align=\"center\"> X<\/td><\/tr><tr><td>Consistencia entre dispositivos<\/td><td class=\"has-text-align-center\" data-align=\"center\">  <img decoding=\"async\" src=\"https:\/\/virtual.unne.edu.ar\/SIED-UV\/wp-content\/uploads\/2022\/06\/comprobado.png\" alt=\"si\" style=\"width: 15px;\"> <\/td><td class=\"has-text-align-center\" data-align=\"center\"> <img decoding=\"async\" src=\"https:\/\/virtual.unne.edu.ar\/SIED-UV\/wp-content\/uploads\/2022\/06\/comprobado.png\" alt=\"si\" style=\"width: 15px;\"> <\/td><\/tr><tr><td>Video<\/td><td class=\"has-text-align-center\" data-align=\"center\"> <img decoding=\"async\" src=\"https:\/\/virtual.unne.edu.ar\/SIED-UV\/wp-content\/uploads\/2022\/06\/comprobado.png\" alt=\"si\" style=\"width: 15px;\"> <\/td><td class=\"has-text-align-center\" data-align=\"center\"> <img decoding=\"async\" src=\"https:\/\/virtual.unne.edu.ar\/SIED-UV\/wp-content\/uploads\/2022\/06\/comprobado.png\" alt=\"si\" style=\"width: 15px;\"> <\/td><\/tr><tr><td>Voz<\/td><td class=\"has-text-align-center\" data-align=\"center\"> <img decoding=\"async\" src=\"https:\/\/virtual.unne.edu.ar\/SIED-UV\/wp-content\/uploads\/2022\/06\/comprobado.png\" alt=\"si\" style=\"width: 15px;\"> <\/td><td class=\"has-text-align-center\" data-align=\"center\"> <img decoding=\"async\" src=\"https:\/\/virtual.unne.edu.ar\/SIED-UV\/wp-content\/uploads\/2022\/06\/comprobado.png\" alt=\"si\" style=\"width: 15px;\"> <\/td><\/tr><tr><td>Gesti\u00f3n de sala<\/td><td class=\"has-text-align-center\" data-align=\"center\">Autogesti\u00f3n<\/td><td class=\"has-text-align-center\" data-align=\"center\">Gestionada por UA<\/td><\/tr><tr><td>l\u00edmite de participantes<\/td><td class=\"has-text-align-center\" data-align=\"center\">100<\/td><td class=\"has-text-align-center\" data-align=\"center\">1000<\/td><\/tr><tr><td>Sala de espera (control de ingreso)<\/td><td class=\"has-text-align-center\" data-align=\"center\"> <img decoding=\"async\" src=\"https:\/\/virtual.unne.edu.ar\/SIED-UV\/wp-content\/uploads\/2022\/06\/comprobado.png\" alt=\"si\" style=\"width: 15px;\"> <\/td><td class=\"has-text-align-center\" data-align=\"center\"> <img decoding=\"async\" src=\"https:\/\/virtual.unne.edu.ar\/SIED-UV\/wp-content\/uploads\/2022\/06\/comprobado.png\" alt=\"si\" style=\"width: 15px;\"> <\/td><\/tr><tr><td>Ingreso con c\u00f3digo <\/td><td class=\"has-text-align-center\" data-align=\"center\"> <img decoding=\"async\" src=\"https:\/\/virtual.unne.edu.ar\/SIED-UV\/wp-content\/uploads\/2022\/06\/comprobado.png\" alt=\"si\" style=\"width: 15px;\"> <\/td><td class=\"has-text-align-center\" data-align=\"center\"> <img decoding=\"async\" src=\"https:\/\/virtual.unne.edu.ar\/SIED-UV\/wp-content\/uploads\/2022\/06\/comprobado.png\" alt=\"si\" style=\"width: 15px;\"> <\/td><\/tr><tr><td>Cancelar llamada de participante<\/td><td class=\"has-text-align-center\" data-align=\"center\"> <img decoding=\"async\" src=\"https:\/\/virtual.unne.edu.ar\/SIED-UV\/wp-content\/uploads\/2022\/06\/comprobado.png\" alt=\"si\" style=\"width: 15px;\"> <\/td><td class=\"has-text-align-center\" data-align=\"center\"> <img decoding=\"async\" src=\"https:\/\/virtual.unne.edu.ar\/SIED-UV\/wp-content\/uploads\/2022\/06\/comprobado.png\" alt=\"si\" style=\"width: 15px;\"> <\/td><\/tr><tr><td>Chat en grupo en sala<\/td><td class=\"has-text-align-center\" data-align=\"center\"> <img decoding=\"async\" src=\"https:\/\/virtual.unne.edu.ar\/SIED-UV\/wp-content\/uploads\/2022\/06\/comprobado.png\" alt=\"si\" style=\"width: 15px;\"> <\/td><td class=\"has-text-align-center\" data-align=\"center\"> <img decoding=\"async\" src=\"https:\/\/virtual.unne.edu.ar\/SIED-UV\/wp-content\/uploads\/2022\/06\/comprobado.png\" alt=\"si\" style=\"width: 15px;\"> <\/td><\/tr><tr><td>Chat privado en sala<\/td><td class=\"has-text-align-center\" data-align=\"center\">  <img decoding=\"async\" src=\"https:\/\/virtual.unne.edu.ar\/SIED-UV\/wp-content\/uploads\/2022\/06\/comprobado.png\" alt=\"si\" style=\"width: 15px;\">   <\/td><td class=\"has-text-align-center\" data-align=\"center\"> <img decoding=\"async\" src=\"https:\/\/virtual.unne.edu.ar\/SIED-UV\/wp-content\/uploads\/2022\/06\/comprobado.png\" alt=\"si\" style=\"width: 15px;\"> <\/td><\/tr><tr><td>Grabar sesi\u00f3n<\/td><td class=\"has-text-align-center\" data-align=\"center\"> x  <\/td><td class=\"has-text-align-center\" data-align=\"center\"> <img decoding=\"async\" src=\"https:\/\/virtual.unne.edu.ar\/SIED-UV\/wp-content\/uploads\/2022\/06\/comprobado.png\" alt=\"si\" style=\"width: 15px;\"> <\/td><\/tr><tr><td>Compartir pantalla<\/td><td class=\"has-text-align-center\" data-align=\"center\"> <img decoding=\"async\" src=\"https:\/\/virtual.unne.edu.ar\/SIED-UV\/wp-content\/uploads\/2022\/06\/comprobado.png\" alt=\"si\" style=\"width: 15px;\"> <\/td><td class=\"has-text-align-center\" data-align=\"center\"> <img decoding=\"async\" src=\"https:\/\/virtual.unne.edu.ar\/SIED-UV\/wp-content\/uploads\/2022\/06\/comprobado.png\" alt=\"si\" style=\"width: 15px;\"> <\/td><\/tr><tr><td>Levantar la mano (turno para hablar)<\/td><td class=\"has-text-align-center\" data-align=\"center\"> <img decoding=\"async\" src=\"https:\/\/virtual.unne.edu.ar\/SIED-UV\/wp-content\/uploads\/2022\/06\/comprobado.png\" alt=\"si\" style=\"width: 15px;\"> <\/td><td class=\"has-text-align-center\" data-align=\"center\"> <img decoding=\"async\" src=\"https:\/\/virtual.unne.edu.ar\/SIED-UV\/wp-content\/uploads\/2022\/06\/comprobado.png\" alt=\"si\" style=\"width: 15px;\">  <\/td><\/tr><tr><td>Silenciar usuario<\/td><td class=\"has-text-align-center\" data-align=\"center\"> <img decoding=\"async\" src=\"https:\/\/virtual.unne.edu.ar\/SIED-UV\/wp-content\/uploads\/2022\/06\/comprobado.png\" alt=\"si\" style=\"width: 15px;\"> <\/td><td class=\"has-text-align-center\" data-align=\"center\"> <img decoding=\"async\" src=\"https:\/\/virtual.unne.edu.ar\/SIED-UV\/wp-content\/uploads\/2022\/06\/comprobado.png\" alt=\"si\" style=\"width: 15px;\"> <\/td><\/tr><tr><td>Silenciar todos los usuarios<\/td><td class=\"has-text-align-center\" data-align=\"center\"> <img decoding=\"async\" src=\"https:\/\/virtual.unne.edu.ar\/SIED-UV\/wp-content\/uploads\/2022\/06\/comprobado.png\" alt=\"si\" style=\"width: 15px;\"> <\/td><td class=\"has-text-align-center\" data-align=\"center\"> <img decoding=\"async\" src=\"https:\/\/virtual.unne.edu.ar\/SIED-UV\/wp-content\/uploads\/2022\/06\/comprobado.png\" alt=\"si\" style=\"width: 15px;\">  <\/td><\/tr><tr><td>Pizarra electr\u00f3nica<\/td><td class=\"has-text-align-center\" data-align=\"center\"> <img decoding=\"async\" src=\"https:\/\/virtual.unne.edu.ar\/SIED-UV\/wp-content\/uploads\/2022\/06\/comprobado.png\" alt=\"si\" style=\"width: 15px;\"> <\/td><td class=\"has-text-align-center\" data-align=\"center\"> <img decoding=\"async\" src=\"https:\/\/virtual.unne.edu.ar\/SIED-UV\/wp-content\/uploads\/2022\/06\/comprobado.png\" alt=\"si\" style=\"width: 15px;\"> <\/td><\/tr><tr><td>Streaming a Youtube<\/td><td class=\"has-text-align-center\" data-align=\"center\"> x  <\/td><td class=\"has-text-align-center\" data-align=\"center\"> <img decoding=\"async\" src=\"https:\/\/virtual.unne.edu.ar\/SIED-UV\/wp-content\/uploads\/2022\/06\/comprobado.png\" alt=\"si\" style=\"width: 15px;\"> <\/td><\/tr><tr><td>Consumo de datos <\/td><td class=\"has-text-align-center\" data-align=\"center\"> <img decoding=\"async\" src=\"https:\/\/virtual.unne.edu.ar\/SIED-UV\/wp-content\/uploads\/2022\/06\/comprobado.png\" alt=\"si\" style=\"width: 15px;\"> <\/td><td class=\"has-text-align-center\" data-align=\"center\"><img decoding=\"async\" style=\"width: 15px;\" src=\"https:\/\/virtual.unne.edu.ar\/SIED-UV\/wp-content\/uploads\/2022\/06\/comprobado.png\" alt=\"si\"><\/td><\/tr><\/tbody><\/table><\/figure>\n\n\n\n<p><\/p>\n\n\n\n<p><\/p>\n\n\n\n<div style=\"height:32px\" aria-hidden=\"true\" class=\"wp-block-spacer\"><\/div>\n\n\n\n<div style=\"height:32px\" aria-hidden=\"true\" class=\"wp-block-spacer\"><\/div>\n\n\n\n<div class=\"wp-block-columns is-layout-flex wp-container-6 wp-block-columns-is-layout-flex\">\n<div class=\"wp-block-column is-layout-flow wp-block-column-is-layout-flow\" style=\"flex-basis:20%\"><\/div>\n\n\n\n<div class=\"wp-block-column is-layout-flow wp-block-column-is-layout-flow\" style=\"flex-basis:66.66%\">\n<p class=\"has-text-align-right has-text-color\" id=\"block-fa14ffd6-0e7e-427e-afc6-e1e132efe273\" style=\"color:#a3001f\"><strong><em>Para la mayor\u00eda de las propuestas bajo las modalidad a distancia tanto de posgrado como de grado, as\u00ed como los proyectos de Virtualizaci\u00f3n de Asignaturas, SE REQUIERE el uso de la plataforam institucional ZOOM. <\/em><\/strong><br>Sin embargo, estos requisitos los determina cada Unidad Acad\u00e9mica. Verifique esta informaci\u00f3n con su Unidad Acad\u00e9mica.<\/p>\n<\/div>\n<\/div>\n\n\n\n<p><\/p>\n","protected":false},"excerpt":{"rendered":"<p>La UNNE ofrece la posibilidad de trabajar con diferentes herramientas de videoconferencia para realizar clases virtuales sincr\u00f3nicas a trav\u00e9s de video, pudiendo interactuar con una o m\u00e1s personas en un ambiente \u201ccerrado\u201d. Normalmente estos grupos son reducidos, dadas estas caracter\u00edsticas de interacci\u00f3n, pero algunas herramientas permiten un n\u00famero considerable de usuarios conectados a la vez. [&hellip;]<\/p>\n","protected":false},"author":2,"featured_media":0,"parent":69,"menu_order":0,"comment_status":"closed","ping_status":"closed","template":"","meta":{"footnotes":""},"acf":[],"_links":{"self":[{"href":"https:\/\/virtual.unne.edu.ar\/SIED-UV\/wp-json\/wp\/v2\/pages\/775"}],"collection":[{"href":"https:\/\/virtual.unne.edu.ar\/SIED-UV\/wp-json\/wp\/v2\/pages"}],"about":[{"href":"https:\/\/virtual.unne.edu.ar\/SIED-UV\/wp-json\/wp\/v2\/types\/page"}],"author":[{"embeddable":true,"href":"https:\/\/virtual.unne.edu.ar\/SIED-UV\/wp-json\/wp\/v2\/users\/2"}],"replies":[{"embeddable":true,"href":"https:\/\/virtual.unne.edu.ar\/SIED-UV\/wp-json\/wp\/v2\/comments?post=775"}],"version-history":[{"count":20,"href":"https:\/\/virtual.unne.edu.ar\/SIED-UV\/wp-json\/wp\/v2\/pages\/775\/revisions"}],"predecessor-version":[{"id":2277,"href":"https:\/\/virtual.unne.edu.ar\/SIED-UV\/wp-json\/wp\/v2\/pages\/775\/revisions\/2277"}],"up":[{"embeddable":true,"href":"https:\/\/virtual.unne.edu.ar\/SIED-UV\/wp-json\/wp\/v2\/pages\/69"}],"wp:attachment":[{"href":"https:\/\/virtual.unne.edu.ar\/SIED-UV\/wp-json\/wp\/v2\/media?parent=775"}],"curies":[{"name":"wp","href":"https:\/\/api.w.org\/{rel}","templated":true}]}}