{"id":788,"date":"2022-06-15T11:49:09","date_gmt":"2022-06-15T14:49:09","guid":{"rendered":"https:\/\/virtual.unne.edu.ar\/SIED-UV\/?page_id=788"},"modified":"2022-06-15T11:56:16","modified_gmt":"2022-06-15T14:56:16","slug":"plataformas-de-videoconferencia-4","status":"publish","type":"page","link":"https:\/\/virtual.unne.edu.ar\/SIED-UV\/uv\/solicitar\/solicitar-una-plataforma-de-videoconferencia\/plataformas-de-videoconferencia-4\/","title":{"rendered":"Plataformas de videoconferencia &#8211; Cisco Webex Meetings"},"content":{"rendered":"\n<h1 class=\"wp-block-heading\">Cisco Webex Meetings<\/h1>\n\n\n\n<figure class=\"wp-block-image\"><img decoding=\"async\" src=\"https:\/\/virtual.unne.edu.ar\/contingencia-covid19\/img\/logos\/WEBEX_Mesa%20de%20trabajo%201.png\" alt=\"\"\/><\/figure>\n\n\n\n<p>Cisco Webex Meetings es un software para videoconferencias y reuniones en l\u00ednea.<br>Es de uso sencillo e intuitivo:&nbsp;funciona online o mediante una aplicaci\u00f3n de escritorio. &nbsp; &nbsp;&nbsp;<\/p>\n\n\n\n<p><strong>Caracter\u00edsticas Generales:<\/strong><\/p>\n\n\n\n<p>&#8211;&nbsp;<strong>Se otorgar\u00e1 una sala por Asignatura.<\/strong><br>Como en el caso de las aulas virtuales, el titular de cada asignatura puede solicitar una sala. La&nbsp;<strong>sala es exclusiva<\/strong>&nbsp;y puede gestionar sus reuniones desde all\u00ed, en el horario que desee. Puede asignar coanfitriones para ayudar a gestionar reuniones y sesiones de trabajo: esto permitir\u00e1 trabajar de manera integrada a los&nbsp;<strong>equipos de c\u00e1tedra<\/strong>. &nbsp;&nbsp;<\/p>\n\n\n\n<p>&#8211;&nbsp;<strong>Reuniones:<\/strong>&nbsp;Con un l\u00edmite de 1000 usuarios por reuni\u00f3n, \u00e9stas pueden durar hasta 12 horas.&nbsp; &nbsp; &nbsp;<\/p>\n\n\n\n<p>&nbsp;&#8211; Las reuniones pueden grabarse y alojarse en la nube o descargarse a su computadora.<\/p>\n\n\n\n<p>&nbsp;Adem\u00e1s, algunas de las funciones m\u00e1s interesantes son:&nbsp;<\/p>\n\n\n\n<ul><li>Incorpora la capacidad de sesiones de trabajo (\u201cBreakout Session\u201d), para una mejor de equipos de trabajo m\u00e1s peque\u00f1os. Como anfitri\u00f3n, puede crear m\u00faltiples sesiones de trabajo y asignar asistentes autom\u00e1tica o manualmente.&nbsp;<\/li><li>Puede transmitirse en vivo de manera directa (streaming) en plataformas como Youtube o Facebook.<\/li><\/ul>\n\n\n\n<p>https:\/\/www.youtube.com\/embed\/K32ACQUmGjY<a href=\"https:\/\/virtual.unne.edu.ar\/2017\/sistema_uv\/cuentas_salas\/solicitud_sala.php\" target=\"_blank\" rel=\"noreferrer noopener\">SOLICITAR SALA<\/a><\/p>\n\n\n\n<p>Puede encontrar tutoriales de uso en nuestro&nbsp;<a href=\"https:\/\/www.youtube.com\/playlist?list=PLP43s4aNzB7DRhQP1H28iHUrBHvHfHMxt\"><strong>canal de Youtube.<\/strong><\/a>&nbsp;<\/p>\n","protected":false},"excerpt":{"rendered":"<p>Cisco Webex Meetings Cisco Webex Meetings es un software para videoconferencias y reuniones en l\u00ednea.Es de uso sencillo e intuitivo:&nbsp;funciona online o mediante una aplicaci\u00f3n de escritorio. &nbsp; &nbsp;&nbsp; Caracter\u00edsticas Generales: &#8211;&nbsp;Se otorgar\u00e1 una sala por Asignatura.Como en el caso de las aulas virtuales, el titular de cada asignatura puede solicitar una sala. La&nbsp;sala es [&hellip;]<\/p>\n","protected":false},"author":2,"featured_media":0,"parent":775,"menu_order":0,"comment_status":"closed","ping_status":"closed","template":"","meta":{"footnotes":""},"acf":[],"_links":{"self":[{"href":"https:\/\/virtual.unne.edu.ar\/SIED-UV\/wp-json\/wp\/v2\/pages\/788"}],"collection":[{"href":"https:\/\/virtual.unne.edu.ar\/SIED-UV\/wp-json\/wp\/v2\/pages"}],"about":[{"href":"https:\/\/virtual.unne.edu.ar\/SIED-UV\/wp-json\/wp\/v2\/types\/page"}],"author":[{"embeddable":true,"href":"https:\/\/virtual.unne.edu.ar\/SIED-UV\/wp-json\/wp\/v2\/users\/2"}],"replies":[{"embeddable":true,"href":"https:\/\/virtual.unne.edu.ar\/SIED-UV\/wp-json\/wp\/v2\/comments?post=788"}],"version-history":[{"count":2,"href":"https:\/\/virtual.unne.edu.ar\/SIED-UV\/wp-json\/wp\/v2\/pages\/788\/revisions"}],"predecessor-version":[{"id":803,"href":"https:\/\/virtual.unne.edu.ar\/SIED-UV\/wp-json\/wp\/v2\/pages\/788\/revisions\/803"}],"up":[{"embeddable":true,"href":"https:\/\/virtual.unne.edu.ar\/SIED-UV\/wp-json\/wp\/v2\/pages\/775"}],"wp:attachment":[{"href":"https:\/\/virtual.unne.edu.ar\/SIED-UV\/wp-json\/wp\/v2\/media?parent=788"}],"curies":[{"name":"wp","href":"https:\/\/api.w.org\/{rel}","templated":true}]}}